{"id":305,"date":"2019-02-14T03:44:07","date_gmt":"2019-02-14T03:44:07","guid":{"rendered":"http:\/\/www.rtb.cgiar.org\/rtb-bananaresearchpriorities\/outil-de-renforcement-des-capacites\/4-processus-de-determination-des-parametres-et-des-sources-dinformation\/"},"modified":"2019-02-14T03:44:08","modified_gmt":"2019-02-14T03:44:08","slug":"4-processus-de-determination-des-parametres-et-des-sources-dinformation","status":"publish","type":"page","link":"https:\/\/www.rtb.cgiar.org\/rtb-bananaresearchpriorities\/fr\/outil-de-renforcement-des-capacites\/4-processus-de-determination-des-parametres-et-des-sources-dinformation\/","title":{"rendered":"4. Processus de d\u00e9termination des param\u00e8tres et des sources d&rsquo;information"},"content":{"rendered":"<section class=\"l-section wpb_row height_medium\"><div class=\"l-section-h i-cf\"><div class=\"g-cols offset_medium\"><div class=\"vc_col-sm-12 wpb_column vc_column_container\"><div class=\"vc_column-inner\"><div class=\"wpb_text_column \"><div class=\"wpb_wrapper\"><a ref=\"magnificPopup\" href=\"http:\/\/www.rtb.cgiar.org\/rtb-bananaresearchpriorities\/wp-content\/uploads\/sites\/9\/2018\/02\/csm_Pixabay-elicitation-new_ab8e9e16d3.png\"><img loading=\"lazy\" decoding=\"async\" class=\"alignright size-full wp-image-112\" src=\"http:\/\/www.rtb.cgiar.org\/rtb-bananaresearchpriorities\/wp-content\/uploads\/sites\/9\/2018\/02\/csm_Pixabay-elicitation-new_ab8e9e16d3.png\" alt=\"\" width=\"300\" height=\"300\" srcset=\"https:\/\/www.rtb.cgiar.org\/rtb-bananaresearchpriorities\/wp-content\/uploads\/sites\/9\/2018\/02\/csm_Pixabay-elicitation-new_ab8e9e16d3.png 300w, https:\/\/www.rtb.cgiar.org\/rtb-bananaresearchpriorities\/wp-content\/uploads\/sites\/9\/2018\/02\/csm_Pixabay-elicitation-new_ab8e9e16d3-150x150.png 150w\" sizes=\"auto, (max-width: 300px) 100vw, 300px\" \/><\/a><\/p>\n<p>Cette section fournit un bref aper\u00e7u du processus de d\u00e9termination des param\u00e8tres et des sources d&rsquo;information utilis\u00e9es. Le tableau suivant pr\u00e9sente les param\u00e8tres utilis\u00e9s dans l&rsquo;\u00e9valuation des priorit\u00e9s, leurs sources respectives et une certaine information plus d\u00e9taill\u00e9e sur le processus respectif de d\u00e9termination et les crit\u00e8res. &lsquo;Le groupe sp\u00e9cial&rsquo; fait r\u00e9f\u00e9rence au groupe d&rsquo;\u00e9conomistes et de scientifiques de tous les Centres RTB participants (Bioversity International, Centre international pour l&rsquo;agriculture tropicale CIAT, Centre international de la pomme de terre CIP et l&rsquo;Institut international pour l&rsquo;agriculture tropicale IITA), avec l&rsquo;aide des r\u00e9seaux r\u00e9gionaux de recherche pour le d\u00e9veloppement sur le bananier (<a href=\"http:\/\/www.promusa.org\/tiki-index.php?page=BAPNET\" target=\"_blank\" rel=\"noopener\">BAPNET<\/a>,\u00a0<a href=\"http:\/\/www.promusa.org\/tiki-index.php?page=BARNESA\" target=\"_blank\" rel=\"noopener\">BARNESA<\/a>,\u00a0<a href=\"http:\/\/www.promusa.org\/tiki-index.php?page=Innovate+plantain\" target=\"_blank\" rel=\"noopener\">Innovate Plantain<\/a>, et\u00a0<a href=\"http:\/\/www.promusa.org\/tiki-index.php?page=MUSALAC\" target=\"_blank\" rel=\"noopener\">MUSALAC<\/a>) qui ont travaill\u00e9 sur l&rsquo;\u00e9valuation pour les cinq esp\u00e8ces alimentaires incluses. Le groupe a convenu du mod\u00e8le et des param\u00e8tres intrins\u00e8ques de la m\u00e9thodologie pour assurer que l&rsquo;\u00e9valuation soit effectu\u00e9e d&rsquo;une fa\u00e7on comparable pour toutes les esp\u00e8ces cultiv\u00e9es.<\/p>\n<p>Des groupes de travail d&rsquo;experts form\u00e9s lors de l&rsquo;atelier de Kampala ont commenc\u00e9 \u00e0 \u00e9valuer les param\u00e8tres du mod\u00e8le qui ont \u00e9t\u00e9 alors finalis\u00e9s\/ ajust\u00e9s par les personnes ressources pour chaque option de recherche (voir le tableau ci-dessous). L&rsquo;\u00e9conomiste conduisant l&rsquo;\u00e9valuation a travaill\u00e9 \u00e9troitement avec ces personnes ressources gr\u00e2ce \u00e0 des r\u00e9unions, des courriels et des appels pour remplir les formulaires d\u00e9velopp\u00e9s contenant toutes les estimations des param\u00e8tres exig\u00e9es pour l&rsquo;\u00e9valuation.<\/div> <\/div> <div class=\"wpb_text_column \"><div class=\"wpb_wrapper\">\n<table class=\"table table-striped\">\n<thead>\n<tr>\n<th scope=\"col\"><\/th>\n<th scope=\"col\">Param\u00e8tres<\/th>\n<th scope=\"col\">Source d&rsquo;information<\/th>\n<th scope=\"col\">Remarques<\/th>\n<\/tr>\n<\/thead>\n<tbody>\n<tr>\n<td>1<\/td>\n<td><b>Pays cibles<\/b><\/td>\n<td>Personne(s) ressource(s)* travaillant sur le param\u00e9trage de l&rsquo;option de recherche concern\u00e9e<\/td>\n<td>Crit\u00e8res pour l&rsquo;inclusion d&rsquo;un pays:<\/p>\n<ol>\n<li>La contrainte est actuellement pr\u00e9sente ou le sera dans les 25 ans suivants (p\u00e9riode d&rsquo;\u00e9valuation).<\/li>\n<li>Une vaste superficie en termes absolus est affect\u00e9e par la contrainte, c.-\u00e0-d. une plus vaste surface de production banani\u00e8re et\/ou la propagation \u00e0 grande \u00e9chelle de la contrainte<\/li>\n<li>RTB travaillera probablement (et en collaboration) avec le pays concern\u00e9 pour faire des innovations adoptables traitant la contrainte et disponibles pour les agriculteurs.<\/li>\n<\/ol>\n<p>Ainsi la liste des pays inclus dans l&rsquo;\u00e9valuation varie selon les options de recherche, quoiqu&rsquo;il y ait naturellement un certain chevauchement.<\/td>\n<\/tr>\n<tr>\n<td>2<\/td>\n<td><b>Production banani\u00e8re<\/b><\/td>\n<td><a class=\"external-link-new-window\" title=\"Opens external link in new window\" href=\"http:\/\/www.fruitrop.com\/\" target=\"_blank\" rel=\"noopener\">Fruitrop<\/a><\/td>\n<td>Fruitrop (2010) utilise les statistiques de production agricole de la FAO (qui montrent les bananes et les plantains comme des produits distincts, mais r\u00e9partent quelque peu arbitrairement des groupes de cultivars) mais inclut aussi d&rsquo;autres r\u00e9f\u00e9rences, enqu\u00eates et sources professionnelles.<\/p>\n<p>L&rsquo;information sur la production est ventil\u00e9e par groupe de cultivars dans chaque pays.<\/p>\n<p>Puisque les groupes de cultivars utilis\u00e9s par Fruitrop diff\u00e8rent l\u00e9g\u00e8rement de ceux choisis finalement pour l&rsquo;\u00e9valuation RTB des priorit\u00e9s du bananier, une \u00e9valuation d&rsquo;experts a \u00e9t\u00e9 utilis\u00e9e pour associer la production des cat\u00e9gories de cultivars utilis\u00e9es par Fruitrop aux groupes de cultivars de l&rsquo;exercice d&rsquo;\u00e9tablissement des priorit\u00e9s.<\/td>\n<\/tr>\n<tr>\n<td>3<\/td>\n<td><b>Rendement bananier<\/b><\/td>\n<td><a class=\"external-link-new-window\" title=\"Opens external link in new window\" href=\"http:\/\/www.fao.org\/faostat\/en\/\" target=\"_blank\" rel=\"noopener\">FAOSTAT<\/a><\/td>\n<td>Le rendement bananier exprim\u00e9 comme le rendement agricole moyen des trois derni\u00e8res ann\u00e9es disponibles.<\/p>\n<p>Les donn\u00e9es de la FAO ne diff\u00e9rencient pas la production des plantations commerciales \u00e0 grande \u00e9chelle de celle des petites exploitations (de semi-) subsistance. En particulier, les chiffres du rendement pour des pays dot\u00e9s d&rsquo;une industrie d&rsquo;exportation de bananes assez consid\u00e9rable ont sembl\u00e9 trop \u00e9lev\u00e9s pour le groupe cible RTB de pauvres producteurs (\u00e0 petite \u00e9chelle). L&rsquo;avis d&rsquo;experts a \u00e9t\u00e9 utilis\u00e9 pour limiter certains chiffres du rendement pour refl\u00e9ter les conditions des petits agriculteurs.<\/td>\n<\/tr>\n<tr>\n<td>4<\/td>\n<td><b>Superficie de production banani\u00e8re<\/b><\/td>\n<td>FAOSTAT, Fruitrop<\/td>\n<td>Calcul\u00e9e par des auteurs utilisant l&rsquo;information sur le rendement de FAOSTAT et les chiffres de production Fruitrop.<\/td>\n<\/tr>\n<tr>\n<td>5<\/td>\n<td><b>Prix de la culture<\/b><\/td>\n<td>FAOSTAT<\/td>\n<td>Prix moyen des bananes au d\u00e9part de la ferme 2010-2012. Si disponible, le prix moyen pond\u00e9r\u00e9 pour les bananiers\/plantains a \u00e9t\u00e9 utilis\u00e9.<\/p>\n<p>Prix par d\u00e9faut si aucune donn\u00e9e: 300 $\/MT<\/td>\n<\/tr>\n<tr>\n<td>6<\/td>\n<td><b>Domaine cible, diffusion actuelle et future de la contrainte<\/b><\/td>\n<td>Estimations d&rsquo;experts<\/td>\n<td>Les estimations proviennent d&rsquo;abord du travail de groupe durant l&rsquo;atelier de Kampala et ont ensuite \u00e9t\u00e9 ajust\u00e9es par les personnes ressources concern\u00e9es pour refl\u00e9ter les conditions sp\u00e9cifiques du pays et\/ou du groupe de cultivars.<\/td>\n<\/tr>\n<tr>\n<td>7<\/td>\n<td><b>Changements de rendements, co\u00fbts de production et pertes post-r\u00e9colte apr\u00e8s adoption de technologie<\/b><\/td>\n<td>Estimations d&rsquo;experts<\/td>\n<td>Les estimations proviennent d&rsquo;abord du travail de groupe durant l&rsquo;atelier de Kampala et ont ensuite \u00e9t\u00e9 ajust\u00e9es par les personnes ressources concern\u00e9es pour refl\u00e9ter les conditions sp\u00e9cifiques du pays et\/ou du groupe de cultivars.<\/td>\n<\/tr>\n<tr>\n<td>8<\/td>\n<td><b>Plafond d&rsquo;adoption, d\u00e9but de l&rsquo;adoption et vitesse<br \/>\n<\/b><\/td>\n<td>Estimations d&rsquo;experts<\/td>\n<td>Les estimations proviennent d&rsquo;abord du travail de groupe durant l&rsquo;atelier de Kampala et ont ensuite \u00e9t\u00e9 ajust\u00e9es par les personnes ressources concern\u00e9es pour refl\u00e9ter les conditions sp\u00e9cifiques du pays et\/ou du groupe de cultivars.<\/td>\n<\/tr>\n<tr>\n<td>9<\/td>\n<td><b>Co\u00fbts R&amp;D<\/b><\/td>\n<td>Estimations d&rsquo;experts<\/td>\n<td>Les estimations proviennent d&rsquo;abord du travail de groupe durant l&rsquo;atelier de Kampala et ont ensuite \u00e9t\u00e9 ajust\u00e9es par les personnes ressources concern\u00e9es pour refl\u00e9ter les conditions sp\u00e9cifiques du pays et\/ou du groupe de cultivars.<\/td>\n<\/tr>\n<tr>\n<td>10<\/td>\n<td><b>Co\u00fbts de diffusion<\/b><\/td>\n<td>Accord du Groupe sp\u00e9cial<\/td>\n<td>Deux niveaux: 80$ pour chaque nouvel hectare d&rsquo;adoption pour les technologies \u00e0 fort besoin de connaissances, 50$ par nouvel hectare d&rsquo;adoption pour toutes les autres technologies.<\/td>\n<\/tr>\n<tr>\n<td>11<\/td>\n<td><b>Probabilit\u00e9 de succ\u00e8s<\/b><\/td>\n<td>Estimations d&rsquo;experts<\/td>\n<td>Probabilit\u00e9 de RECHERCHE r\u00e9ussie et livrant une technologie adoptable au niveau du pays; valeur max de 0,8 pour des r\u00e9ussites rapides et des valeurs inf\u00e9rieures si l&rsquo;incertitude de succ\u00e8s de la recherche est plus \u00e9lev\u00e9e; estimations technologiques et, si n\u00e9cessaire, \u00e9valuations des personnes ressources sp\u00e9cifiques du pays.<\/td>\n<\/tr>\n<tr>\n<td>12<\/td>\n<td><b>\u00c9lasticit\u00e9s de l&rsquo;offre et de la demande<br \/>\n<\/b><\/td>\n<td>Accord du Groupe sp\u00e9cial<\/td>\n<td>\u00c9lasticit\u00e9 de l&rsquo;offre: 1,0; \u00e9lasticit\u00e9 de la demande: 0,5<\/td>\n<\/tr>\n<tr>\n<td>13<\/td>\n<td><b>Taux d&rsquo;escompte<\/b><\/td>\n<td>Accord du Groupe sp\u00e9cial<\/td>\n<td>Taux d&rsquo;escompte de 10 %<\/td>\n<\/tr>\n<tr>\n<td>14<\/td>\n<td><b>Taux de d\u00e9pr\u00e9ciation<\/b><\/td>\n<td>Accord du Groupe sp\u00e9cial<\/td>\n<td>Utiliser 1 pour toutes les technologies\/esp\u00e8ces alimentaires<\/td>\n<\/tr>\n<tr>\n<td>15<\/td>\n<td><b>Population, taux de pauvret\u00e9, %-PIB agricole<\/b><\/td>\n<td>Banque mondiale<\/td>\n<td>Indicateurs du d\u00e9veloppement dans le monde<\/td>\n<\/tr>\n<tr>\n<td>16<\/td>\n<td><b>\u00c9lasticit\u00e9s de la pauvret\u00e9<\/b><\/td>\n<td>Accord du Groupe sp\u00e9cial bas\u00e9 sur : Thirtle, C., L. Beyers, Y. Ismael, and J. Piesse. 2003. Can GM-Technologies Help the Poor? The Impact of Bt-Cotton in Makhathini Flats, kwazulu-Natal. World Development 31(4): 717\u2013732.<\/td>\n<td>Les \u00e9lasticit\u00e9s s&rsquo;adaptent selon la localisation g\u00e9ographique pour chaque pays: 0,72 pour l&rsquo;Afrique, 0,48 pour l&rsquo;Asie et 0,15 pour LAC; la r\u00e9duction de la pauvret\u00e9 annonc\u00e9e est atteinte au niveau d&rsquo;adoption le plus \u00e9lev\u00e9<\/td>\n<\/tr>\n<tr>\n<td>17<\/td>\n<td><b>Taille du m\u00e9nage et superficie de production par m\u00e9nage<\/b><\/td>\n<td>CGIAR<\/td>\n<td>\u00c9valuation RTB des b\u00e9n\u00e9ficiaires (GCIAR, 2011)<\/td>\n<\/tr>\n<tr>\n<td>18<\/td>\n<td><b>P\u00e9riode d&rsquo;\u00e9valuation<\/b><\/td>\n<td>Accord du Groupe sp\u00e9cial<\/td>\n<td>25 ans (de 2014 jusqu&rsquo;\u00e0 2039)<\/td>\n<\/tr>\n<\/tbody>\n<\/table>\n<p class=\"small\"><i>*Personnes ressources pour les diff\u00e9rentes options de recherche:<br \/>\nR\u00e9tablissement apr\u00e8s BBTV: Charles Staver, Guy Blomme, Lava Kumar, Celestin Niyongere<br \/>\nLutte contre BXW (vari\u00e9t\u00e9s GM r\u00e9sistantes): Guy Blomme, Eldad Karamura, Charles Staver<br \/>\n<\/i><i>Lutte contre BXW (pratiques culturales): Leena Tripathi, Guy Blomme<br \/>\nIntensification des syst\u00e8mes de culture: Charles Staver, Piet van Asten, Thierry Lescot<br \/>\nAm\u00e9lioration conventionnelle pour la r\u00e9sistance aux maladies: Rony Swennen (<\/i><i>bananier des hauts plateaux d&rsquo;Afrique de l&rsquo;Est, plantain); Fr\u00e9d\u00e9ric Bakry (plantain, sweet acid), Edson Perito Amorim (sweet acid)<br \/>\nLutte durable contre la fusariose: Charles Staver, Miguel Dita, Luis Perez Vicente, Marcia Barquero<\/i><\/p>\n<\/div> <\/div> <\/div><\/div><\/div><\/div><\/section>\n","protected":false},"excerpt":{"rendered":"Cette section fournit un bref aper\u00e7u du processus de d\u00e9termination des param\u00e8tres et des sources d'information utilis\u00e9es. Le tableau suivant pr\u00e9sente les param\u00e8tres utilis\u00e9s dans l'\u00e9valuation des priorit\u00e9s, leurs sources respectives et une certaine information plus d\u00e9taill\u00e9e sur le processus respectif de d\u00e9termination et les crit\u00e8res. 'Le groupe sp\u00e9cial' fait r\u00e9f\u00e9rence au groupe d'\u00e9conomistes et...","protected":false},"author":12,"featured_media":71,"parent":148,"menu_order":0,"comment_status":"closed","ping_status":"closed","template":"","meta":{"footnotes":""},"class_list":["post-305","page","type-page","status-publish","has-post-thumbnail","hentry"],"yoast_head":"<!-- This site is optimized with the Yoast SEO plugin v27.5 - https:\/\/yoast.com\/product\/yoast-seo-wordpress\/ -->\n<title>4. Processus de d\u00e9termination des param\u00e8tres et des sources d&#039;information - RTB Banana Research Priorities<\/title>\n<meta name=\"robots\" content=\"index, follow, max-snippet:-1, max-image-preview:large, max-video-preview:-1\" \/>\n<link rel=\"canonical\" href=\"http:\/\/www.rtb.cgiar.org\/rtb-bananaresearchpriorities\/fr\/outil-de-renforcement-des-capacites\/4-processus-de-determination-des-parametres-et-des-sources-dinformation\/\" \/>\n<meta property=\"og:locale\" content=\"fr_FR\" \/>\n<meta property=\"og:type\" content=\"article\" \/>\n<meta property=\"og:title\" content=\"4. Processus de d\u00e9termination des param\u00e8tres et des sources d&#039;information - RTB Banana Research Priorities\" \/>\n<meta property=\"og:url\" content=\"http:\/\/www.rtb.cgiar.org\/rtb-bananaresearchpriorities\/fr\/outil-de-renforcement-des-capacites\/4-processus-de-determination-des-parametres-et-des-sources-dinformation\/\" \/>\n<meta property=\"og:site_name\" content=\"RTB Banana Research Priorities\" \/>\n<meta property=\"article:modified_time\" content=\"2019-02-14T03:44:08+00:00\" \/>\n<meta property=\"og:image\" content=\"http:\/\/www.rtb.cgiar.org\/rtb-bananaresearchpriorities\/wp-content\/uploads\/sites\/9\/2018\/01\/csm_MusaramaImagebankBioversity_France2_fcd641a3b9.jpg\" \/>\n\t<meta property=\"og:image:width\" content=\"300\" \/>\n\t<meta property=\"og:image:height\" content=\"300\" \/>\n\t<meta property=\"og:image:type\" content=\"image\/jpeg\" \/>\n<meta name=\"twitter:card\" content=\"summary_large_image\" \/>\n<meta name=\"twitter:label1\" content=\"Dur\u00e9e de lecture estim\u00e9e\" \/>\n\t<meta name=\"twitter:data1\" content=\"6 minutes\" \/>\n<script type=\"application\/ld+json\" class=\"yoast-schema-graph\">{\"@context\":\"https:\\\/\\\/schema.org\",\"@graph\":[{\"@type\":\"WebPage\",\"@id\":\"http:\\\/\\\/www.rtb.cgiar.org\\\/rtb-bananaresearchpriorities\\\/fr\\\/outil-de-renforcement-des-capacites\\\/4-processus-de-determination-des-parametres-et-des-sources-dinformation\\\/\",\"url\":\"http:\\\/\\\/www.rtb.cgiar.org\\\/rtb-bananaresearchpriorities\\\/fr\\\/outil-de-renforcement-des-capacites\\\/4-processus-de-determination-des-parametres-et-des-sources-dinformation\\\/\",\"name\":\"4. Processus de d\u00e9termination des param\u00e8tres et des sources d'information - RTB Banana Research Priorities\",\"isPartOf\":{\"@id\":\"https:\\\/\\\/www.rtb.cgiar.org\\\/rtb-bananaresearchpriorities\\\/#website\"},\"primaryImageOfPage\":{\"@id\":\"http:\\\/\\\/www.rtb.cgiar.org\\\/rtb-bananaresearchpriorities\\\/fr\\\/outil-de-renforcement-des-capacites\\\/4-processus-de-determination-des-parametres-et-des-sources-dinformation\\\/#primaryimage\"},\"image\":{\"@id\":\"http:\\\/\\\/www.rtb.cgiar.org\\\/rtb-bananaresearchpriorities\\\/fr\\\/outil-de-renforcement-des-capacites\\\/4-processus-de-determination-des-parametres-et-des-sources-dinformation\\\/#primaryimage\"},\"thumbnailUrl\":\"https:\\\/\\\/www.rtb.cgiar.org\\\/rtb-bananaresearchpriorities\\\/wp-content\\\/uploads\\\/sites\\\/9\\\/2018\\\/01\\\/csm_MusaramaImagebankBioversity_France2_fcd641a3b9.jpg\",\"datePublished\":\"2019-02-14T03:44:07+00:00\",\"dateModified\":\"2019-02-14T03:44:08+00:00\",\"breadcrumb\":{\"@id\":\"http:\\\/\\\/www.rtb.cgiar.org\\\/rtb-bananaresearchpriorities\\\/fr\\\/outil-de-renforcement-des-capacites\\\/4-processus-de-determination-des-parametres-et-des-sources-dinformation\\\/#breadcrumb\"},\"inLanguage\":\"fr-FR\",\"potentialAction\":[{\"@type\":\"ReadAction\",\"target\":[\"http:\\\/\\\/www.rtb.cgiar.org\\\/rtb-bananaresearchpriorities\\\/fr\\\/outil-de-renforcement-des-capacites\\\/4-processus-de-determination-des-parametres-et-des-sources-dinformation\\\/\"]}]},{\"@type\":\"ImageObject\",\"inLanguage\":\"fr-FR\",\"@id\":\"http:\\\/\\\/www.rtb.cgiar.org\\\/rtb-bananaresearchpriorities\\\/fr\\\/outil-de-renforcement-des-capacites\\\/4-processus-de-determination-des-parametres-et-des-sources-dinformation\\\/#primaryimage\",\"url\":\"https:\\\/\\\/www.rtb.cgiar.org\\\/rtb-bananaresearchpriorities\\\/wp-content\\\/uploads\\\/sites\\\/9\\\/2018\\\/01\\\/csm_MusaramaImagebankBioversity_France2_fcd641a3b9.jpg\",\"contentUrl\":\"https:\\\/\\\/www.rtb.cgiar.org\\\/rtb-bananaresearchpriorities\\\/wp-content\\\/uploads\\\/sites\\\/9\\\/2018\\\/01\\\/csm_MusaramaImagebankBioversity_France2_fcd641a3b9.jpg\",\"width\":300,\"height\":300},{\"@type\":\"BreadcrumbList\",\"@id\":\"http:\\\/\\\/www.rtb.cgiar.org\\\/rtb-bananaresearchpriorities\\\/fr\\\/outil-de-renforcement-des-capacites\\\/4-processus-de-determination-des-parametres-et-des-sources-dinformation\\\/#breadcrumb\",\"itemListElement\":[{\"@type\":\"ListItem\",\"position\":1,\"name\":\"Home\",\"item\":\"https:\\\/\\\/www.rtb.cgiar.org\\\/rtb-bananaresearchpriorities\\\/fr\\\/\"},{\"@type\":\"ListItem\",\"position\":2,\"name\":\"Outil de renforcement des capacit\u00e9s\",\"item\":\"https:\\\/\\\/www.rtb.cgiar.org\\\/rtb-bananaresearchpriorities\\\/fr\\\/outil-de-renforcement-des-capacites\\\/\"},{\"@type\":\"ListItem\",\"position\":3,\"name\":\"4. Processus de d\u00e9termination des param\u00e8tres et des sources d&rsquo;information\"}]},{\"@type\":\"WebSite\",\"@id\":\"https:\\\/\\\/www.rtb.cgiar.org\\\/rtb-bananaresearchpriorities\\\/#website\",\"url\":\"https:\\\/\\\/www.rtb.cgiar.org\\\/rtb-bananaresearchpriorities\\\/\",\"name\":\"RTB Banana Research Priorities\",\"description\":\"Just another RTB-CGIAR Sites site\",\"potentialAction\":[{\"@type\":\"SearchAction\",\"target\":{\"@type\":\"EntryPoint\",\"urlTemplate\":\"https:\\\/\\\/www.rtb.cgiar.org\\\/rtb-bananaresearchpriorities\\\/?s={search_term_string}\"},\"query-input\":{\"@type\":\"PropertyValueSpecification\",\"valueRequired\":true,\"valueName\":\"search_term_string\"}}],\"inLanguage\":\"fr-FR\"}]}<\/script>\n<!-- \/ Yoast SEO plugin. -->","yoast_head_json":{"title":"4. Processus de d\u00e9termination des param\u00e8tres et des sources d'information - RTB Banana Research Priorities","robots":{"index":"index","follow":"follow","max-snippet":"max-snippet:-1","max-image-preview":"max-image-preview:large","max-video-preview":"max-video-preview:-1"},"canonical":"http:\/\/www.rtb.cgiar.org\/rtb-bananaresearchpriorities\/fr\/outil-de-renforcement-des-capacites\/4-processus-de-determination-des-parametres-et-des-sources-dinformation\/","og_locale":"fr_FR","og_type":"article","og_title":"4. Processus de d\u00e9termination des param\u00e8tres et des sources d'information - RTB Banana Research Priorities","og_url":"http:\/\/www.rtb.cgiar.org\/rtb-bananaresearchpriorities\/fr\/outil-de-renforcement-des-capacites\/4-processus-de-determination-des-parametres-et-des-sources-dinformation\/","og_site_name":"RTB Banana Research Priorities","article_modified_time":"2019-02-14T03:44:08+00:00","og_image":[{"width":300,"height":300,"url":"http:\/\/www.rtb.cgiar.org\/rtb-bananaresearchpriorities\/wp-content\/uploads\/sites\/9\/2018\/01\/csm_MusaramaImagebankBioversity_France2_fcd641a3b9.jpg","type":"image\/jpeg"}],"twitter_card":"summary_large_image","twitter_misc":{"Dur\u00e9e de lecture estim\u00e9e":"6 minutes"},"schema":{"@context":"https:\/\/schema.org","@graph":[{"@type":"WebPage","@id":"http:\/\/www.rtb.cgiar.org\/rtb-bananaresearchpriorities\/fr\/outil-de-renforcement-des-capacites\/4-processus-de-determination-des-parametres-et-des-sources-dinformation\/","url":"http:\/\/www.rtb.cgiar.org\/rtb-bananaresearchpriorities\/fr\/outil-de-renforcement-des-capacites\/4-processus-de-determination-des-parametres-et-des-sources-dinformation\/","name":"4. Processus de d\u00e9termination des param\u00e8tres et des sources d'information - RTB Banana Research Priorities","isPartOf":{"@id":"https:\/\/www.rtb.cgiar.org\/rtb-bananaresearchpriorities\/#website"},"primaryImageOfPage":{"@id":"http:\/\/www.rtb.cgiar.org\/rtb-bananaresearchpriorities\/fr\/outil-de-renforcement-des-capacites\/4-processus-de-determination-des-parametres-et-des-sources-dinformation\/#primaryimage"},"image":{"@id":"http:\/\/www.rtb.cgiar.org\/rtb-bananaresearchpriorities\/fr\/outil-de-renforcement-des-capacites\/4-processus-de-determination-des-parametres-et-des-sources-dinformation\/#primaryimage"},"thumbnailUrl":"https:\/\/www.rtb.cgiar.org\/rtb-bananaresearchpriorities\/wp-content\/uploads\/sites\/9\/2018\/01\/csm_MusaramaImagebankBioversity_France2_fcd641a3b9.jpg","datePublished":"2019-02-14T03:44:07+00:00","dateModified":"2019-02-14T03:44:08+00:00","breadcrumb":{"@id":"http:\/\/www.rtb.cgiar.org\/rtb-bananaresearchpriorities\/fr\/outil-de-renforcement-des-capacites\/4-processus-de-determination-des-parametres-et-des-sources-dinformation\/#breadcrumb"},"inLanguage":"fr-FR","potentialAction":[{"@type":"ReadAction","target":["http:\/\/www.rtb.cgiar.org\/rtb-bananaresearchpriorities\/fr\/outil-de-renforcement-des-capacites\/4-processus-de-determination-des-parametres-et-des-sources-dinformation\/"]}]},{"@type":"ImageObject","inLanguage":"fr-FR","@id":"http:\/\/www.rtb.cgiar.org\/rtb-bananaresearchpriorities\/fr\/outil-de-renforcement-des-capacites\/4-processus-de-determination-des-parametres-et-des-sources-dinformation\/#primaryimage","url":"https:\/\/www.rtb.cgiar.org\/rtb-bananaresearchpriorities\/wp-content\/uploads\/sites\/9\/2018\/01\/csm_MusaramaImagebankBioversity_France2_fcd641a3b9.jpg","contentUrl":"https:\/\/www.rtb.cgiar.org\/rtb-bananaresearchpriorities\/wp-content\/uploads\/sites\/9\/2018\/01\/csm_MusaramaImagebankBioversity_France2_fcd641a3b9.jpg","width":300,"height":300},{"@type":"BreadcrumbList","@id":"http:\/\/www.rtb.cgiar.org\/rtb-bananaresearchpriorities\/fr\/outil-de-renforcement-des-capacites\/4-processus-de-determination-des-parametres-et-des-sources-dinformation\/#breadcrumb","itemListElement":[{"@type":"ListItem","position":1,"name":"Home","item":"https:\/\/www.rtb.cgiar.org\/rtb-bananaresearchpriorities\/fr\/"},{"@type":"ListItem","position":2,"name":"Outil de renforcement des capacit\u00e9s","item":"https:\/\/www.rtb.cgiar.org\/rtb-bananaresearchpriorities\/fr\/outil-de-renforcement-des-capacites\/"},{"@type":"ListItem","position":3,"name":"4. Processus de d\u00e9termination des param\u00e8tres et des sources d&rsquo;information"}]},{"@type":"WebSite","@id":"https:\/\/www.rtb.cgiar.org\/rtb-bananaresearchpriorities\/#website","url":"https:\/\/www.rtb.cgiar.org\/rtb-bananaresearchpriorities\/","name":"RTB Banana Research Priorities","description":"Just another RTB-CGIAR Sites site","potentialAction":[{"@type":"SearchAction","target":{"@type":"EntryPoint","urlTemplate":"https:\/\/www.rtb.cgiar.org\/rtb-bananaresearchpriorities\/?s={search_term_string}"},"query-input":{"@type":"PropertyValueSpecification","valueRequired":true,"valueName":"search_term_string"}}],"inLanguage":"fr-FR"}]}},"_links":{"self":[{"href":"https:\/\/www.rtb.cgiar.org\/rtb-bananaresearchpriorities\/fr\/wp-json\/wp\/v2\/pages\/305","targetHints":{"allow":["GET"]}}],"collection":[{"href":"https:\/\/www.rtb.cgiar.org\/rtb-bananaresearchpriorities\/fr\/wp-json\/wp\/v2\/pages"}],"about":[{"href":"https:\/\/www.rtb.cgiar.org\/rtb-bananaresearchpriorities\/fr\/wp-json\/wp\/v2\/types\/page"}],"author":[{"embeddable":true,"href":"https:\/\/www.rtb.cgiar.org\/rtb-bananaresearchpriorities\/fr\/wp-json\/wp\/v2\/users\/12"}],"replies":[{"embeddable":true,"href":"https:\/\/www.rtb.cgiar.org\/rtb-bananaresearchpriorities\/fr\/wp-json\/wp\/v2\/comments?post=305"}],"version-history":[{"count":0,"href":"https:\/\/www.rtb.cgiar.org\/rtb-bananaresearchpriorities\/fr\/wp-json\/wp\/v2\/pages\/305\/revisions"}],"up":[{"embeddable":true,"href":"https:\/\/www.rtb.cgiar.org\/rtb-bananaresearchpriorities\/fr\/wp-json\/wp\/v2\/pages\/148"}],"wp:featuredmedia":[{"embeddable":true,"href":"https:\/\/www.rtb.cgiar.org\/rtb-bananaresearchpriorities\/fr\/wp-json\/wp\/v2\/media\/71"}],"wp:attachment":[{"href":"https:\/\/www.rtb.cgiar.org\/rtb-bananaresearchpriorities\/fr\/wp-json\/wp\/v2\/media?parent=305"}],"curies":[{"name":"wp","href":"https:\/\/api.w.org\/{rel}","templated":true}]}}