{"id":154,"date":"2018-12-11T20:14:41","date_gmt":"2018-12-11T20:14:41","guid":{"rendered":"http:\/\/www.rtb.cgiar.org\/rtb-bananaresearchpriorities\/outil-de-renforcement-des-capacites\/1-identifier-les-principales-contraintes-et-opportunites\/1-1-resume-de-lenquete-aupres-des-experts\/"},"modified":"2020-11-23T20:11:48","modified_gmt":"2020-11-23T20:11:48","slug":"1-1-resume-de-lenquete-aupres-des-experts","status":"publish","type":"page","link":"https:\/\/www.rtb.cgiar.org\/rtb-bananaresearchpriorities\/fr\/outil-de-renforcement-des-capacites\/1-identifier-les-principales-contraintes-et-opportunites\/1-1-resume-de-lenquete-aupres-des-experts\/","title":{"rendered":"1.1. R\u00e9sum\u00e9 de l&rsquo;enqu\u00eate aupr\u00e8s des experts"},"content":{"rendered":"<section class=\"l-section wpb_row height_medium\"><div class=\"l-section-h i-cf\"><div class=\"g-cols offset_medium\"><div class=\"vc_col-sm-12 wpb_column vc_column_container\"><div class=\"vc_column-inner\"><div class=\"wpb_text_column \"><div class=\"wpb_wrapper\"><div id=\"attachment_73\" style=\"width: 310px\" class=\"wp-caption alignright\"><a ref=\"magnificPopup\" href=\"http:\/\/www.rtb.cgiar.org\/rtb-bananaresearchpriorities\/wp-content\/uploads\/sites\/9\/2018\/01\/csm_P.deSantisBioversity2_c0ce67cc6e.jpg\"><img loading=\"lazy\" decoding=\"async\" aria-describedby=\"caption-attachment-73\" class=\"size-full wp-image-73\" src=\"http:\/\/www.rtb.cgiar.org\/rtb-bananaresearchpriorities\/wp-content\/uploads\/sites\/9\/2018\/01\/csm_P.deSantisBioversity2_c0ce67cc6e.jpg\" alt=\"\" width=\"300\" height=\"300\" srcset=\"https:\/\/www.rtb.cgiar.org\/rtb-bananaresearchpriorities\/wp-content\/uploads\/sites\/9\/2018\/01\/csm_P.deSantisBioversity2_c0ce67cc6e.jpg 300w, https:\/\/www.rtb.cgiar.org\/rtb-bananaresearchpriorities\/wp-content\/uploads\/sites\/9\/2018\/01\/csm_P.deSantisBioversity2_c0ce67cc6e-150x150.jpg 150w\" sizes=\"auto, (max-width: 300px) 100vw, 300px\" \/><\/a><p id=\"caption-attachment-73\" class=\"wp-caption-text\">Photo Credit: P. de Santis\/Bioversity International<\/p><\/div>\n<p>Une enqu\u00eate mondiale aupr\u00e8s d&rsquo;experts du bananier a \u00e9t\u00e9 conduite en ligne par ProMusa et les r\u00e9seaux r\u00e9gionaux du bananier, de janvier \u00e0 mars 2013, pour identifier les principales contraintes de la production banani\u00e8re et de sa commercialisation concernant les syst\u00e8mes majeurs de production banani\u00e8re dans les diff\u00e9rentes r\u00e9gions. La pr\u00e9paration de l&rsquo;enqu\u00eate s&rsquo;est compos\u00e9e comme suit:<\/p>\n<ul>\n<li>\n<div class=\"row\">\n<div class=\"col-lg-12 col-md-12 col-sm-12 col-xs-12\">\n<div id=\"c182\" class=\"csc-default\">\n<div class=\"csc-textpic csc-textpic-intext-right\">\n<div class=\"csc-textpic-text\">\n<ul>\n<li>\u00c9laboration d&rsquo;une liste mondiale d&rsquo;experts du bananier par les repr\u00e9sentants nationaux des r\u00e9seaux r\u00e9gionaux du bananier.<\/li>\n<li>Invitations personnalis\u00e9es envoy\u00e9es par courriel aux experts identifi\u00e9s pour participer \u00e0 l&rsquo;enqu\u00eate en ligne (communication et enqu\u00eate pr\u00e9sent\u00e9es en anglais, espagnol ou fran\u00e7ais selon le pays d&rsquo;origine).<\/li>\n<li>Envoi d&rsquo;un lien d&rsquo;acc\u00e8s en ligne vers les sites Internet de l&rsquo;enqu\u00eate sur les RTB et de ProMusa et annonce de l&rsquo;enqu\u00eate en ligne aupr\u00e8s des experts largement relay\u00e9e par les m\u00e9dias sociaux et d&rsquo;autres canaux de communication.<\/li>\n<li>Questionnaire structur\u00e9, d\u00e9velopp\u00e9 et \u00e9valu\u00e9 autour de trois grandes sections pour d\u00e9terminer la perception des experts avec:\n<ul>\n<li>Une question ouverte sur les principales contraintes de la production banani\u00e8re et de sa commercialisation;<\/li>\n<li>La pond\u00e9ration par les participants de listes des diff\u00e9rents facteurs impactant le rendement bananier et le revenu des petits producteurs de bananes, respectivement;<\/li>\n<li>La notation d&rsquo;une liste de 77 axes de recherche sur le bananier pour en indiquer le niveau d&rsquo;importance.<\/li>\n<\/ul>\n<\/li>\n<\/ul>\n<\/div>\n<\/div>\n<\/div>\n<\/div>\n<\/div>\n<div class=\"row mt10\">\n<div class=\"col-lg-12 col-md-12 col-sm-12 col-xs-12\">\n<div id=\"c523\" class=\"csc-default\">\n<p>En total, 523 experts du bananier, scientifiques, agents de vulgarisation, producteurs et repr\u00e9sentants du secteur priv\u00e9, des organisations de donateurs et des organisations non gouvernementales de plus de 54 pays ont contribu\u00e9 \u00e0 l&rsquo;enqu\u00eate.\u00a0 Les principaux r\u00e9sultats sont pr\u00e9sent\u00e9s dans le tableau ci-dessous. Pour de plus amples informations, veuillez consulter le\u00a0<a class=\"external-link-new-window\" title=\"Opens external link in new window\" href=\"https:\/\/www.rtb.cgiar.org\/publications\/results-of-a-global-online-expert-survey-major-constraints-opportunities-and-trends-for-banana-production-and-marketing-and-priorities-for-future-rtb-banana-research\/\" target=\"_blank\" rel=\"noopener noreferrer\">rapport de l&rsquo;enqu\u00eate aupr\u00e8s des experts<\/a>.<\/p>\n<\/div>\n<\/div>\n<\/div>\n<\/li>\n<\/ul>\n<div class=\"col-md-9 col-sm-9 col-lg-9\">\n<div class=\"row mt10\">\n<div class=\"col-lg-12 col-md-12 col-sm-12 col-xs-12\">\n<div id=\"c523\" class=\"csc-default\">\n<table class=\"table table-striped\">\n<thead>\n<tr>\n<th scope=\"col\">Contraintes majeures \u00e0 la production banani\u00e8re et sa commercialisation<\/th>\n<th scope=\"col\">Contraintes majeures du rendement bananier<\/th>\n<th scope=\"col\">Facteurs majeurs d\u00e9terminant la hausse du revenu en production banani\u00e8re<\/th>\n<th scope=\"col\">Axes de recherche les plus importants<\/th>\n<\/tr>\n<\/thead>\n<tbody>\n<tr>\n<td><i>D&rsquo;apr\u00e8s la question ouverte<\/i><\/td>\n<td><i>D&rsquo;apr\u00e8s l&rsquo;exercice de pond\u00e9ration<\/i><\/td>\n<td><i>D&rsquo;apr\u00e8s l&rsquo;exercice de pond\u00e9ration<\/i><\/td>\n<td><i>D&rsquo;apr\u00e8s l&rsquo;exercice de notation<\/i><\/td>\n<\/tr>\n<tr>\n<td>1) Pests and diseases<\/p>\n<p>2) Disponibilit\u00e9\/acc\u00e8s aux mat\u00e9riels de la fertilit\u00e9<\/p>\n<p>3) Fertilit\u00e9 des sols<\/td>\n<td>\n<ol>\n<li>Mat\u00e9riel \u00e0 planter infest\u00e9 de ravageurs et\/ou maladies<\/li>\n<li>Cercosporiose noire<\/li>\n<li>D\u00e9ficits hydriques<\/li>\n<li>Fusariose<\/li>\n<li>Mat\u00e9riel \u00e0 planter dont le rendement potentiel est h\u00e9t\u00e9rog\u00e8ne<\/li>\n<\/ol>\n<\/td>\n<td>\n<ol>\n<li>Rendement plus \u00e9lev\u00e9<\/li>\n<li>Meilleure qualit\u00e9 des r\u00e9gimes et\/ou des doigts<\/li>\n<li>Informations &amp; connaissances am\u00e9lior\u00e9es des pratiques agronomiques<\/li>\n<li>Informations &amp; connaissances am\u00e9lior\u00e9es de la lutte contre les maladies\/ravageurs<\/li>\n<li>Baisse des co\u00fbts des engrais et pesticides<\/li>\n<\/ol>\n<\/td>\n<td>\n<ul>\n<li>Am\u00e9lioration du rendement<\/li>\n<li>Recherche sur la lutte contre les maladies fongiques foliaires (vari\u00e9t\u00e9s r\u00e9sistantes exclues)<\/li>\n<li>Am\u00e9lioration de la r\u00e9sistance aux maladies fongiques foliaires<\/li>\n<li>Strat\u00e9gies d&rsquo;am\u00e9lioration de la fertilit\u00e9 des sols (micronutriments et engrais)<\/li>\n<li>M\u00e9thodes d&rsquo;am\u00e9lioration de la qualit\u00e9 phytosanitaire et physiologique du mat\u00e9riel \u00e0 planter<\/li>\n<\/ul>\n<\/td>\n<\/tr>\n<tr>\n<td rowspan=\"1\"><\/td>\n<td rowspan=\"1\">Les r\u00e9sultats varient selon les groupes de cultivars et les r\u00e9gions. Par exemple, la contrainte du rendement la plus importante pour le bananier est, en Afrique australe, le virus du Bunchy Top, alors que c&rsquo;est le fl\u00e9trissement bact\u00e9rien par Xanthomonas pour les EAHB et l&rsquo;Afrique de l&rsquo;Est.<\/td>\n<td rowspan=\"1\">Peu de variation selon les r\u00e9gions et\/ou les groupes de cultivars dans l&rsquo;\u00e9valuation de l&rsquo;importance des diff\u00e9rents facteurs d\u00e9terminant le revenu.<\/td>\n<td rowspan=\"1\">Les r\u00e9sultats varient selon les groupes de cultivars et les r\u00e9gions. Par exemple, en Asie et dans le Pacifique, les personnes interrog\u00e9es ont cit\u00e9 en premier la s\u00e9lection pour la r\u00e9sistance \u00e0 la fusariose, qui n&rsquo;a en g\u00e9n\u00e9ral obtenu que le rang 12.<\/td>\n<\/tr>\n<\/tbody>\n<\/table>\n<\/div>\n<\/div>\n<\/div>\n<\/div>\n<p>&nbsp;<br \/>\n<\/p><\/div> <\/div> <\/div><\/div><\/div><\/div><\/section>\n","protected":false},"excerpt":{"rendered":"Photo Credit: P. de Santis\/Bioversity International Une enqu\u00eate mondiale aupr\u00e8s d'experts du bananier a \u00e9t\u00e9 conduite en ligne par ProMusa et les r\u00e9seaux r\u00e9gionaux du bananier, de janvier \u00e0 mars 2013, pour identifier les principales contraintes de la production banani\u00e8re et de sa commercialisation concernant les syst\u00e8mes majeurs de production banani\u00e8re dans les diff\u00e9rentes r\u00e9gions....","protected":false},"author":12,"featured_media":0,"parent":152,"menu_order":0,"comment_status":"closed","ping_status":"closed","template":"","meta":{"footnotes":""},"class_list":["post-154","page","type-page","status-publish","hentry"],"yoast_head":"<!-- This site is optimized with the Yoast SEO plugin v27.5 - https:\/\/yoast.com\/product\/yoast-seo-wordpress\/ -->\n<title>1.1. R\u00e9sum\u00e9 de l&#039;enqu\u00eate aupr\u00e8s des experts - RTB Banana Research Priorities<\/title>\n<meta name=\"robots\" content=\"index, follow, max-snippet:-1, max-image-preview:large, max-video-preview:-1\" \/>\n<link rel=\"canonical\" href=\"https:\/\/www.rtb.cgiar.org\/rtb-bananaresearchpriorities\/fr\/outil-de-renforcement-des-capacites\/1-identifier-les-principales-contraintes-et-opportunites\/1-1-resume-de-lenquete-aupres-des-experts\/\" \/>\n<meta property=\"og:locale\" content=\"fr_FR\" \/>\n<meta property=\"og:type\" content=\"article\" \/>\n<meta property=\"og:title\" content=\"1.1. R\u00e9sum\u00e9 de l&#039;enqu\u00eate aupr\u00e8s des experts - RTB Banana Research Priorities\" \/>\n<meta property=\"og:url\" content=\"https:\/\/www.rtb.cgiar.org\/rtb-bananaresearchpriorities\/fr\/outil-de-renforcement-des-capacites\/1-identifier-les-principales-contraintes-et-opportunites\/1-1-resume-de-lenquete-aupres-des-experts\/\" \/>\n<meta property=\"og:site_name\" content=\"RTB Banana Research Priorities\" \/>\n<meta property=\"article:modified_time\" content=\"2020-11-23T20:11:48+00:00\" \/>\n<meta property=\"og:image\" content=\"http:\/\/www.rtb.cgiar.org\/rtb-bananaresearchpriorities\/wp-content\/uploads\/sites\/9\/2018\/01\/csm_P.deSantisBioversity2_c0ce67cc6e.jpg\" \/>\n<meta name=\"twitter:card\" content=\"summary_large_image\" \/>\n<meta name=\"twitter:label1\" content=\"Dur\u00e9e de lecture estim\u00e9e\" \/>\n\t<meta name=\"twitter:data1\" content=\"3 minutes\" \/>\n<script type=\"application\/ld+json\" class=\"yoast-schema-graph\">{\"@context\":\"https:\\\/\\\/schema.org\",\"@graph\":[{\"@type\":\"WebPage\",\"@id\":\"https:\\\/\\\/www.rtb.cgiar.org\\\/rtb-bananaresearchpriorities\\\/fr\\\/outil-de-renforcement-des-capacites\\\/1-identifier-les-principales-contraintes-et-opportunites\\\/1-1-resume-de-lenquete-aupres-des-experts\\\/\",\"url\":\"https:\\\/\\\/www.rtb.cgiar.org\\\/rtb-bananaresearchpriorities\\\/fr\\\/outil-de-renforcement-des-capacites\\\/1-identifier-les-principales-contraintes-et-opportunites\\\/1-1-resume-de-lenquete-aupres-des-experts\\\/\",\"name\":\"1.1. R\u00e9sum\u00e9 de l'enqu\u00eate aupr\u00e8s des experts - RTB Banana Research Priorities\",\"isPartOf\":{\"@id\":\"http:\\\/\\\/www.rtb.cgiar.org\\\/rtb-bananaresearchpriorities\\\/#website\"},\"primaryImageOfPage\":{\"@id\":\"https:\\\/\\\/www.rtb.cgiar.org\\\/rtb-bananaresearchpriorities\\\/fr\\\/outil-de-renforcement-des-capacites\\\/1-identifier-les-principales-contraintes-et-opportunites\\\/1-1-resume-de-lenquete-aupres-des-experts\\\/#primaryimage\"},\"image\":{\"@id\":\"https:\\\/\\\/www.rtb.cgiar.org\\\/rtb-bananaresearchpriorities\\\/fr\\\/outil-de-renforcement-des-capacites\\\/1-identifier-les-principales-contraintes-et-opportunites\\\/1-1-resume-de-lenquete-aupres-des-experts\\\/#primaryimage\"},\"thumbnailUrl\":\"http:\\\/\\\/www.rtb.cgiar.org\\\/rtb-bananaresearchpriorities\\\/wp-content\\\/uploads\\\/sites\\\/9\\\/2018\\\/01\\\/csm_P.deSantisBioversity2_c0ce67cc6e.jpg\",\"datePublished\":\"2018-12-11T20:14:41+00:00\",\"dateModified\":\"2020-11-23T20:11:48+00:00\",\"breadcrumb\":{\"@id\":\"https:\\\/\\\/www.rtb.cgiar.org\\\/rtb-bananaresearchpriorities\\\/fr\\\/outil-de-renforcement-des-capacites\\\/1-identifier-les-principales-contraintes-et-opportunites\\\/1-1-resume-de-lenquete-aupres-des-experts\\\/#breadcrumb\"},\"inLanguage\":\"fr-FR\",\"potentialAction\":[{\"@type\":\"ReadAction\",\"target\":[\"https:\\\/\\\/www.rtb.cgiar.org\\\/rtb-bananaresearchpriorities\\\/fr\\\/outil-de-renforcement-des-capacites\\\/1-identifier-les-principales-contraintes-et-opportunites\\\/1-1-resume-de-lenquete-aupres-des-experts\\\/\"]}]},{\"@type\":\"ImageObject\",\"inLanguage\":\"fr-FR\",\"@id\":\"https:\\\/\\\/www.rtb.cgiar.org\\\/rtb-bananaresearchpriorities\\\/fr\\\/outil-de-renforcement-des-capacites\\\/1-identifier-les-principales-contraintes-et-opportunites\\\/1-1-resume-de-lenquete-aupres-des-experts\\\/#primaryimage\",\"url\":\"http:\\\/\\\/www.rtb.cgiar.org\\\/rtb-bananaresearchpriorities\\\/wp-content\\\/uploads\\\/sites\\\/9\\\/2018\\\/01\\\/csm_P.deSantisBioversity2_c0ce67cc6e.jpg\",\"contentUrl\":\"http:\\\/\\\/www.rtb.cgiar.org\\\/rtb-bananaresearchpriorities\\\/wp-content\\\/uploads\\\/sites\\\/9\\\/2018\\\/01\\\/csm_P.deSantisBioversity2_c0ce67cc6e.jpg\"},{\"@type\":\"BreadcrumbList\",\"@id\":\"https:\\\/\\\/www.rtb.cgiar.org\\\/rtb-bananaresearchpriorities\\\/fr\\\/outil-de-renforcement-des-capacites\\\/1-identifier-les-principales-contraintes-et-opportunites\\\/1-1-resume-de-lenquete-aupres-des-experts\\\/#breadcrumb\",\"itemListElement\":[{\"@type\":\"ListItem\",\"position\":1,\"name\":\"Home\",\"item\":\"http:\\\/\\\/www.rtb.cgiar.org\\\/rtb-bananaresearchpriorities\\\/fr\\\/\"},{\"@type\":\"ListItem\",\"position\":2,\"name\":\"Outil de renforcement des capacit\u00e9s\",\"item\":\"http:\\\/\\\/www.rtb.cgiar.org\\\/rtb-bananaresearchpriorities\\\/fr\\\/outil-de-renforcement-des-capacites\\\/\"},{\"@type\":\"ListItem\",\"position\":3,\"name\":\"1. Identifier les principales contraintes et opportunit\u00e9s\",\"item\":\"https:\\\/\\\/www.rtb.cgiar.org\\\/rtb-bananaresearchpriorities\\\/fr\\\/outil-de-renforcement-des-capacites\\\/1-identifier-les-principales-contraintes-et-opportunites\\\/\"},{\"@type\":\"ListItem\",\"position\":4,\"name\":\"1.1. R\u00e9sum\u00e9 de l&rsquo;enqu\u00eate aupr\u00e8s des experts\"}]},{\"@type\":\"WebSite\",\"@id\":\"http:\\\/\\\/www.rtb.cgiar.org\\\/rtb-bananaresearchpriorities\\\/#website\",\"url\":\"http:\\\/\\\/www.rtb.cgiar.org\\\/rtb-bananaresearchpriorities\\\/\",\"name\":\"RTB Banana Research Priorities\",\"description\":\"Just another RTB-CGIAR Sites site\",\"potentialAction\":[{\"@type\":\"SearchAction\",\"target\":{\"@type\":\"EntryPoint\",\"urlTemplate\":\"http:\\\/\\\/www.rtb.cgiar.org\\\/rtb-bananaresearchpriorities\\\/?s={search_term_string}\"},\"query-input\":{\"@type\":\"PropertyValueSpecification\",\"valueRequired\":true,\"valueName\":\"search_term_string\"}}],\"inLanguage\":\"fr-FR\"}]}<\/script>\n<!-- \/ Yoast SEO plugin. -->","yoast_head_json":{"title":"1.1. R\u00e9sum\u00e9 de l'enqu\u00eate aupr\u00e8s des experts - RTB Banana Research Priorities","robots":{"index":"index","follow":"follow","max-snippet":"max-snippet:-1","max-image-preview":"max-image-preview:large","max-video-preview":"max-video-preview:-1"},"canonical":"https:\/\/www.rtb.cgiar.org\/rtb-bananaresearchpriorities\/fr\/outil-de-renforcement-des-capacites\/1-identifier-les-principales-contraintes-et-opportunites\/1-1-resume-de-lenquete-aupres-des-experts\/","og_locale":"fr_FR","og_type":"article","og_title":"1.1. R\u00e9sum\u00e9 de l'enqu\u00eate aupr\u00e8s des experts - RTB Banana Research Priorities","og_url":"https:\/\/www.rtb.cgiar.org\/rtb-bananaresearchpriorities\/fr\/outil-de-renforcement-des-capacites\/1-identifier-les-principales-contraintes-et-opportunites\/1-1-resume-de-lenquete-aupres-des-experts\/","og_site_name":"RTB Banana Research Priorities","article_modified_time":"2020-11-23T20:11:48+00:00","og_image":[{"url":"http:\/\/www.rtb.cgiar.org\/rtb-bananaresearchpriorities\/wp-content\/uploads\/sites\/9\/2018\/01\/csm_P.deSantisBioversity2_c0ce67cc6e.jpg","type":"","width":"","height":""}],"twitter_card":"summary_large_image","twitter_misc":{"Dur\u00e9e de lecture estim\u00e9e":"3 minutes"},"schema":{"@context":"https:\/\/schema.org","@graph":[{"@type":"WebPage","@id":"https:\/\/www.rtb.cgiar.org\/rtb-bananaresearchpriorities\/fr\/outil-de-renforcement-des-capacites\/1-identifier-les-principales-contraintes-et-opportunites\/1-1-resume-de-lenquete-aupres-des-experts\/","url":"https:\/\/www.rtb.cgiar.org\/rtb-bananaresearchpriorities\/fr\/outil-de-renforcement-des-capacites\/1-identifier-les-principales-contraintes-et-opportunites\/1-1-resume-de-lenquete-aupres-des-experts\/","name":"1.1. R\u00e9sum\u00e9 de l'enqu\u00eate aupr\u00e8s des experts - RTB Banana Research Priorities","isPartOf":{"@id":"http:\/\/www.rtb.cgiar.org\/rtb-bananaresearchpriorities\/#website"},"primaryImageOfPage":{"@id":"https:\/\/www.rtb.cgiar.org\/rtb-bananaresearchpriorities\/fr\/outil-de-renforcement-des-capacites\/1-identifier-les-principales-contraintes-et-opportunites\/1-1-resume-de-lenquete-aupres-des-experts\/#primaryimage"},"image":{"@id":"https:\/\/www.rtb.cgiar.org\/rtb-bananaresearchpriorities\/fr\/outil-de-renforcement-des-capacites\/1-identifier-les-principales-contraintes-et-opportunites\/1-1-resume-de-lenquete-aupres-des-experts\/#primaryimage"},"thumbnailUrl":"http:\/\/www.rtb.cgiar.org\/rtb-bananaresearchpriorities\/wp-content\/uploads\/sites\/9\/2018\/01\/csm_P.deSantisBioversity2_c0ce67cc6e.jpg","datePublished":"2018-12-11T20:14:41+00:00","dateModified":"2020-11-23T20:11:48+00:00","breadcrumb":{"@id":"https:\/\/www.rtb.cgiar.org\/rtb-bananaresearchpriorities\/fr\/outil-de-renforcement-des-capacites\/1-identifier-les-principales-contraintes-et-opportunites\/1-1-resume-de-lenquete-aupres-des-experts\/#breadcrumb"},"inLanguage":"fr-FR","potentialAction":[{"@type":"ReadAction","target":["https:\/\/www.rtb.cgiar.org\/rtb-bananaresearchpriorities\/fr\/outil-de-renforcement-des-capacites\/1-identifier-les-principales-contraintes-et-opportunites\/1-1-resume-de-lenquete-aupres-des-experts\/"]}]},{"@type":"ImageObject","inLanguage":"fr-FR","@id":"https:\/\/www.rtb.cgiar.org\/rtb-bananaresearchpriorities\/fr\/outil-de-renforcement-des-capacites\/1-identifier-les-principales-contraintes-et-opportunites\/1-1-resume-de-lenquete-aupres-des-experts\/#primaryimage","url":"http:\/\/www.rtb.cgiar.org\/rtb-bananaresearchpriorities\/wp-content\/uploads\/sites\/9\/2018\/01\/csm_P.deSantisBioversity2_c0ce67cc6e.jpg","contentUrl":"http:\/\/www.rtb.cgiar.org\/rtb-bananaresearchpriorities\/wp-content\/uploads\/sites\/9\/2018\/01\/csm_P.deSantisBioversity2_c0ce67cc6e.jpg"},{"@type":"BreadcrumbList","@id":"https:\/\/www.rtb.cgiar.org\/rtb-bananaresearchpriorities\/fr\/outil-de-renforcement-des-capacites\/1-identifier-les-principales-contraintes-et-opportunites\/1-1-resume-de-lenquete-aupres-des-experts\/#breadcrumb","itemListElement":[{"@type":"ListItem","position":1,"name":"Home","item":"http:\/\/www.rtb.cgiar.org\/rtb-bananaresearchpriorities\/fr\/"},{"@type":"ListItem","position":2,"name":"Outil de renforcement des capacit\u00e9s","item":"http:\/\/www.rtb.cgiar.org\/rtb-bananaresearchpriorities\/fr\/outil-de-renforcement-des-capacites\/"},{"@type":"ListItem","position":3,"name":"1. Identifier les principales contraintes et opportunit\u00e9s","item":"https:\/\/www.rtb.cgiar.org\/rtb-bananaresearchpriorities\/fr\/outil-de-renforcement-des-capacites\/1-identifier-les-principales-contraintes-et-opportunites\/"},{"@type":"ListItem","position":4,"name":"1.1. R\u00e9sum\u00e9 de l&rsquo;enqu\u00eate aupr\u00e8s des experts"}]},{"@type":"WebSite","@id":"http:\/\/www.rtb.cgiar.org\/rtb-bananaresearchpriorities\/#website","url":"http:\/\/www.rtb.cgiar.org\/rtb-bananaresearchpriorities\/","name":"RTB Banana Research Priorities","description":"Just another RTB-CGIAR Sites site","potentialAction":[{"@type":"SearchAction","target":{"@type":"EntryPoint","urlTemplate":"http:\/\/www.rtb.cgiar.org\/rtb-bananaresearchpriorities\/?s={search_term_string}"},"query-input":{"@type":"PropertyValueSpecification","valueRequired":true,"valueName":"search_term_string"}}],"inLanguage":"fr-FR"}]}},"_links":{"self":[{"href":"https:\/\/www.rtb.cgiar.org\/rtb-bananaresearchpriorities\/fr\/wp-json\/wp\/v2\/pages\/154","targetHints":{"allow":["GET"]}}],"collection":[{"href":"https:\/\/www.rtb.cgiar.org\/rtb-bananaresearchpriorities\/fr\/wp-json\/wp\/v2\/pages"}],"about":[{"href":"https:\/\/www.rtb.cgiar.org\/rtb-bananaresearchpriorities\/fr\/wp-json\/wp\/v2\/types\/page"}],"author":[{"embeddable":true,"href":"https:\/\/www.rtb.cgiar.org\/rtb-bananaresearchpriorities\/fr\/wp-json\/wp\/v2\/users\/12"}],"replies":[{"embeddable":true,"href":"https:\/\/www.rtb.cgiar.org\/rtb-bananaresearchpriorities\/fr\/wp-json\/wp\/v2\/comments?post=154"}],"version-history":[{"count":0,"href":"https:\/\/www.rtb.cgiar.org\/rtb-bananaresearchpriorities\/fr\/wp-json\/wp\/v2\/pages\/154\/revisions"}],"up":[{"embeddable":true,"href":"https:\/\/www.rtb.cgiar.org\/rtb-bananaresearchpriorities\/fr\/wp-json\/wp\/v2\/pages\/152"}],"wp:attachment":[{"href":"https:\/\/www.rtb.cgiar.org\/rtb-bananaresearchpriorities\/fr\/wp-json\/wp\/v2\/media?parent=154"}],"curies":[{"name":"wp","href":"https:\/\/api.w.org\/{rel}","templated":true}]}}