{"id":143,"date":"2018-02-14T22:30:12","date_gmt":"2018-02-14T22:30:12","guid":{"rendered":"http:\/\/www.rtb.cgiar.org\/rtb-bananaresearchpriorities\/?page_id=143"},"modified":"2018-02-14T22:30:12","modified_gmt":"2018-02-14T22:30:12","slug":"propos-de-nous","status":"publish","type":"page","link":"https:\/\/www.rtb.cgiar.org\/rtb-bananaresearchpriorities\/fr\/propos-de-nous\/","title":{"rendered":"\u00c0 propos de nous"},"content":{"rendered":"<section class=\"l-section wpb_row height_medium\"><div class=\"l-section-h i-cf\"><div class=\"g-cols offset_medium\"><div class=\"vc_col-sm-12 wpb_column vc_column_container\"><div class=\"vc_column-inner\"><div class=\"wpb_text_column \"><div class=\"wpb_wrapper\"><div id=\"attachment_5\" style=\"width: 310px\" class=\"wp-caption alignright\"><a ref=\"magnificPopup\" href=\"http:\/\/www.rtb.cgiar.org\/rtb-bananaresearchpriorities\/wp-content\/uploads\/sites\/9\/2017\/11\/b1.jpg\"><img loading=\"lazy\" decoding=\"async\" aria-describedby=\"caption-attachment-5\" class=\"size-full wp-image-5\" src=\"http:\/\/www.rtb.cgiar.org\/rtb-bananaresearchpriorities\/wp-content\/uploads\/sites\/9\/2017\/11\/b1.jpg\" alt=\"\" width=\"300\" height=\"300\" srcset=\"https:\/\/www.rtb.cgiar.org\/rtb-bananaresearchpriorities\/wp-content\/uploads\/sites\/9\/2017\/11\/b1.jpg 300w, https:\/\/www.rtb.cgiar.org\/rtb-bananaresearchpriorities\/wp-content\/uploads\/sites\/9\/2017\/11\/b1-150x150.jpg 150w, https:\/\/www.rtb.cgiar.org\/rtb-bananaresearchpriorities\/wp-content\/uploads\/sites\/9\/2017\/11\/b1-100x100.jpg 100w\" sizes=\"auto, (max-width: 300px) 100vw, 300px\" \/><\/a><p id=\"caption-attachment-5\" class=\"wp-caption-text\">Photo Credit: C.Zanzanaini\/Bioversity International<\/p><\/div>\n<p>Apr\u00e8s son lancement officiel en 2012, le\u00a0<a title=\"Opens external link in new window\" href=\"http:\/\/www.rtb.cgiar.org\/\" target=\"_blank\" rel=\"noopener\">Programme de recherche du CGIAR sur les Racines, Tubercules et Bananiers (RTB)<\/a>\u00a0s&rsquo;est lanc\u00e9 dans une \u00e9valuation des priorit\u00e9s strat\u00e9giques de recherche sur cinq de ses principales cultures (banane, manioc, pomme de terre, patate douce, et l&rsquo;igname). L&rsquo;objectif de cet exercice \u00e9tait de d\u00e9terminer l&rsquo;impact attendu chaque options de recherche g\u00e9n\u00e8re en termes de retomb\u00e9es \u00e9conomiques, la r\u00e9duction de la pauvret\u00e9, la s\u00e9curit\u00e9 alimentaire, la nutrition et la sant\u00e9, l&rsquo;\u00e9quit\u00e9 entre les sexes et la viabilit\u00e9 de l&rsquo;environnement.<\/p>\n<p>Ce site Internet pr\u00e9sente les m\u00e9thodes et les r\u00e9sultats de l&rsquo;\u00e9valuation des priorit\u00e9s de la recherche sur les bananiers et constitue un outil de renforcement des capacit\u00e9s qui vous guidera point par point \u00e0 travers ses diff\u00e9rentes \u00e9tapes.<\/p>\n<p>Les quatre questions suivantes vous donneront un aper\u00e7u de nos recherches avant d&rsquo;entrer dans l&rsquo;outil de renforcement des capacit\u00e9s.<\/p><\/div> <\/div> <div class=\"wpb_text_column \"><div class=\"wpb_wrapper\">\n<table class=\"table table-striped\">\n<tbody>\n<tr>\n<th scope=\"row\">\n<h1><span class=\"important\">POURQUOI?<\/span><\/h1>\n<\/th>\n<td>Les bananiers et les plantains sont cultiv\u00e9s dans plus de 130 pays des tropiques et des sous-tropiques et sont la quatri\u00e8me culture la plus importante du monde en voie de d\u00e9veloppement apr\u00e8s le riz, le bl\u00e9 et le ma\u00efs. Or, la production mondiale de bananiers et plantains est menac\u00e9e fortement, entre autres, par des virus, des infections bact\u00e9riennes ou des moisissures, qui peuvent d\u00e9vaster une grande part de la superficie de production. La recherche peut aider \u00e0 surmonter ces menaces mais les ressources sont limit\u00e9es et doivent donc \u00eatre investies \u00e0 bon escient pour optimiser les impacts de d\u00e9veloppement et les b\u00e9n\u00e9fices<\/td>\n<\/tr>\n<tr>\n<th scope=\"row\">\n<h1><span class=\"important\">QUOI?<\/span><\/h1>\n<\/th>\n<td>Dans le cadre d&rsquo;un exercice d&rsquo;\u00e9valuation des priorit\u00e9s multiculture coordonn\u00e9 par le\u00a0<a class=\"external-link-new-window\" title=\"Opens external link in new window\" href=\"http:\/\/www.rtb.cgiar.org\/\" target=\"_blank\" rel=\"noopener\">Programme de recherche du CGIAR sur les Racines, Tubercules et Bananiers<\/a>, l&rsquo;impact de diff\u00e9rents investissements de recherche sur les bananiers et les plantains a \u00e9t\u00e9 \u00e9valu\u00e9, comme l&rsquo;intensification du syst\u00e8me de culture ou la s\u00e9lection de bananiers r\u00e9sistants aux parasites et aux maladies. Il a s&rsquo;agi de forger une base pour asseoir le d\u00e9veloppement strat\u00e9gique de la recherche RTB.<\/td>\n<\/tr>\n<tr>\n<th scope=\"row\">\n<h1><span class=\"important\">COMMENT?<\/span><\/h1>\n<\/th>\n<td>Pour d\u00e9gager les contraintes clefs auxquelles se retrouvent confront\u00e9s les petits producteurs de bananes, nous avons conduit une enqu\u00eate en ligne mondiale compl\u00e8te avec plus de 500 personnes interrog\u00e9es dans 54 pays ainsi qu&rsquo;un atelier d&rsquo;experts avec 34 scientifiques du bananier. Le calcul des b\u00e9n\u00e9fices \u00e9conomiques attendus et des effets sur la r\u00e9duction de la pauvret\u00e9 li\u00e9s aux investissements de recherche clefs identifi\u00e9s a impliqu\u00e9 une mod\u00e9lisation \u00e9conomique par un mod\u00e8le de surplus \u00e9conomique articul\u00e9 autour d&rsquo;une analyse co\u00fbts-avantages.<\/td>\n<\/tr>\n<tr>\n<th scope=\"row\">\n<h1><span class=\"important\">R\u00c9SULTATS?<\/span><\/h1>\n<\/th>\n<td>Les r\u00e9sultats sont tr\u00e8s encourageants et montrent que les b\u00e9n\u00e9fices de la recherche pourraient se compter en milliards de dollars, jusqu&rsquo;\u00e0 31 millions de personnes pourraient en profiter et plus de 3 millions de personnes pourraient \u00eatre extraites de la pauvret\u00e9.<\/td>\n<\/tr>\n<\/tbody>\n<\/table>\n<\/div> <\/div> <\/div><\/div><\/div><\/div><\/section>\n","protected":false},"excerpt":{"rendered":"Photo Credit: C.Zanzanaini\/Bioversity International Apr\u00e8s son lancement officiel en 2012, le\u00a0Programme de recherche du CGIAR sur les Racines, Tubercules et Bananiers (RTB)\u00a0s'est lanc\u00e9 dans une \u00e9valuation des priorit\u00e9s strat\u00e9giques de recherche sur cinq de ses principales cultures (banane, manioc, pomme de terre, patate douce, et l'igname). L'objectif de cet exercice \u00e9tait de d\u00e9terminer l'impact attendu...","protected":false},"author":12,"featured_media":5,"parent":0,"menu_order":0,"comment_status":"closed","ping_status":"closed","template":"","meta":{"footnotes":""},"class_list":["post-143","page","type-page","status-publish","has-post-thumbnail","hentry"],"yoast_head":"<!-- This site is optimized with the Yoast SEO plugin v27.5 - https:\/\/yoast.com\/product\/yoast-seo-wordpress\/ -->\n<title>\u00c0 propos de nous - RTB Banana Research Priorities<\/title>\n<meta name=\"robots\" content=\"index, follow, max-snippet:-1, max-image-preview:large, max-video-preview:-1\" \/>\n<link rel=\"canonical\" href=\"https:\/\/www.rtb.cgiar.org\/rtb-bananaresearchpriorities\/fr\/propos-de-nous\/\" \/>\n<meta property=\"og:locale\" content=\"fr_FR\" \/>\n<meta property=\"og:type\" content=\"article\" \/>\n<meta property=\"og:title\" content=\"\u00c0 propos de nous - RTB Banana Research Priorities\" \/>\n<meta property=\"og:url\" content=\"https:\/\/www.rtb.cgiar.org\/rtb-bananaresearchpriorities\/fr\/propos-de-nous\/\" \/>\n<meta property=\"og:site_name\" content=\"RTB Banana Research Priorities\" \/>\n<meta property=\"og:image\" content=\"https:\/\/www.rtb.cgiar.org\/rtb-bananaresearchpriorities\/wp-content\/uploads\/sites\/9\/2017\/11\/b1.jpg\" \/>\n\t<meta property=\"og:image:width\" content=\"300\" \/>\n\t<meta property=\"og:image:height\" content=\"300\" \/>\n\t<meta property=\"og:image:type\" content=\"image\/jpeg\" \/>\n<meta name=\"twitter:card\" content=\"summary_large_image\" \/>\n<meta name=\"twitter:label1\" content=\"Dur\u00e9e de lecture estim\u00e9e\" \/>\n\t<meta name=\"twitter:data1\" content=\"3 minutes\" \/>\n<script type=\"application\/ld+json\" class=\"yoast-schema-graph\">{\"@context\":\"https:\\\/\\\/schema.org\",\"@graph\":[{\"@type\":\"WebPage\",\"@id\":\"https:\\\/\\\/www.rtb.cgiar.org\\\/rtb-bananaresearchpriorities\\\/fr\\\/propos-de-nous\\\/\",\"url\":\"https:\\\/\\\/www.rtb.cgiar.org\\\/rtb-bananaresearchpriorities\\\/fr\\\/propos-de-nous\\\/\",\"name\":\"\u00c0 propos de nous - RTB Banana Research Priorities\",\"isPartOf\":{\"@id\":\"http:\\\/\\\/www.rtb.cgiar.org\\\/rtb-bananaresearchpriorities\\\/#website\"},\"primaryImageOfPage\":{\"@id\":\"https:\\\/\\\/www.rtb.cgiar.org\\\/rtb-bananaresearchpriorities\\\/fr\\\/propos-de-nous\\\/#primaryimage\"},\"image\":{\"@id\":\"https:\\\/\\\/www.rtb.cgiar.org\\\/rtb-bananaresearchpriorities\\\/fr\\\/propos-de-nous\\\/#primaryimage\"},\"thumbnailUrl\":\"https:\\\/\\\/www.rtb.cgiar.org\\\/rtb-bananaresearchpriorities\\\/wp-content\\\/uploads\\\/sites\\\/9\\\/2017\\\/11\\\/b1.jpg\",\"datePublished\":\"2018-02-14T22:30:12+00:00\",\"breadcrumb\":{\"@id\":\"https:\\\/\\\/www.rtb.cgiar.org\\\/rtb-bananaresearchpriorities\\\/fr\\\/propos-de-nous\\\/#breadcrumb\"},\"inLanguage\":\"fr-FR\",\"potentialAction\":[{\"@type\":\"ReadAction\",\"target\":[\"https:\\\/\\\/www.rtb.cgiar.org\\\/rtb-bananaresearchpriorities\\\/fr\\\/propos-de-nous\\\/\"]}]},{\"@type\":\"ImageObject\",\"inLanguage\":\"fr-FR\",\"@id\":\"https:\\\/\\\/www.rtb.cgiar.org\\\/rtb-bananaresearchpriorities\\\/fr\\\/propos-de-nous\\\/#primaryimage\",\"url\":\"https:\\\/\\\/www.rtb.cgiar.org\\\/rtb-bananaresearchpriorities\\\/wp-content\\\/uploads\\\/sites\\\/9\\\/2017\\\/11\\\/b1.jpg\",\"contentUrl\":\"https:\\\/\\\/www.rtb.cgiar.org\\\/rtb-bananaresearchpriorities\\\/wp-content\\\/uploads\\\/sites\\\/9\\\/2017\\\/11\\\/b1.jpg\",\"width\":300,\"height\":300,\"caption\":\"Photo Credit: C.Zanzanaini\\\/Bioversity International\"},{\"@type\":\"BreadcrumbList\",\"@id\":\"https:\\\/\\\/www.rtb.cgiar.org\\\/rtb-bananaresearchpriorities\\\/fr\\\/propos-de-nous\\\/#breadcrumb\",\"itemListElement\":[{\"@type\":\"ListItem\",\"position\":1,\"name\":\"Home\",\"item\":\"http:\\\/\\\/www.rtb.cgiar.org\\\/rtb-bananaresearchpriorities\\\/fr\\\/\"},{\"@type\":\"ListItem\",\"position\":2,\"name\":\"\u00c0 propos de nous\"}]},{\"@type\":\"WebSite\",\"@id\":\"http:\\\/\\\/www.rtb.cgiar.org\\\/rtb-bananaresearchpriorities\\\/#website\",\"url\":\"http:\\\/\\\/www.rtb.cgiar.org\\\/rtb-bananaresearchpriorities\\\/\",\"name\":\"RTB Banana Research Priorities\",\"description\":\"Just another RTB-CGIAR Sites site\",\"potentialAction\":[{\"@type\":\"SearchAction\",\"target\":{\"@type\":\"EntryPoint\",\"urlTemplate\":\"http:\\\/\\\/www.rtb.cgiar.org\\\/rtb-bananaresearchpriorities\\\/?s={search_term_string}\"},\"query-input\":{\"@type\":\"PropertyValueSpecification\",\"valueRequired\":true,\"valueName\":\"search_term_string\"}}],\"inLanguage\":\"fr-FR\"}]}<\/script>\n<!-- \/ Yoast SEO plugin. -->","yoast_head_json":{"title":"\u00c0 propos de nous - RTB Banana Research Priorities","robots":{"index":"index","follow":"follow","max-snippet":"max-snippet:-1","max-image-preview":"max-image-preview:large","max-video-preview":"max-video-preview:-1"},"canonical":"https:\/\/www.rtb.cgiar.org\/rtb-bananaresearchpriorities\/fr\/propos-de-nous\/","og_locale":"fr_FR","og_type":"article","og_title":"\u00c0 propos de nous - RTB Banana Research Priorities","og_url":"https:\/\/www.rtb.cgiar.org\/rtb-bananaresearchpriorities\/fr\/propos-de-nous\/","og_site_name":"RTB Banana Research Priorities","og_image":[{"width":300,"height":300,"url":"https:\/\/www.rtb.cgiar.org\/rtb-bananaresearchpriorities\/wp-content\/uploads\/sites\/9\/2017\/11\/b1.jpg","type":"image\/jpeg"}],"twitter_card":"summary_large_image","twitter_misc":{"Dur\u00e9e de lecture estim\u00e9e":"3 minutes"},"schema":{"@context":"https:\/\/schema.org","@graph":[{"@type":"WebPage","@id":"https:\/\/www.rtb.cgiar.org\/rtb-bananaresearchpriorities\/fr\/propos-de-nous\/","url":"https:\/\/www.rtb.cgiar.org\/rtb-bananaresearchpriorities\/fr\/propos-de-nous\/","name":"\u00c0 propos de nous - RTB Banana Research Priorities","isPartOf":{"@id":"http:\/\/www.rtb.cgiar.org\/rtb-bananaresearchpriorities\/#website"},"primaryImageOfPage":{"@id":"https:\/\/www.rtb.cgiar.org\/rtb-bananaresearchpriorities\/fr\/propos-de-nous\/#primaryimage"},"image":{"@id":"https:\/\/www.rtb.cgiar.org\/rtb-bananaresearchpriorities\/fr\/propos-de-nous\/#primaryimage"},"thumbnailUrl":"https:\/\/www.rtb.cgiar.org\/rtb-bananaresearchpriorities\/wp-content\/uploads\/sites\/9\/2017\/11\/b1.jpg","datePublished":"2018-02-14T22:30:12+00:00","breadcrumb":{"@id":"https:\/\/www.rtb.cgiar.org\/rtb-bananaresearchpriorities\/fr\/propos-de-nous\/#breadcrumb"},"inLanguage":"fr-FR","potentialAction":[{"@type":"ReadAction","target":["https:\/\/www.rtb.cgiar.org\/rtb-bananaresearchpriorities\/fr\/propos-de-nous\/"]}]},{"@type":"ImageObject","inLanguage":"fr-FR","@id":"https:\/\/www.rtb.cgiar.org\/rtb-bananaresearchpriorities\/fr\/propos-de-nous\/#primaryimage","url":"https:\/\/www.rtb.cgiar.org\/rtb-bananaresearchpriorities\/wp-content\/uploads\/sites\/9\/2017\/11\/b1.jpg","contentUrl":"https:\/\/www.rtb.cgiar.org\/rtb-bananaresearchpriorities\/wp-content\/uploads\/sites\/9\/2017\/11\/b1.jpg","width":300,"height":300,"caption":"Photo Credit: C.Zanzanaini\/Bioversity International"},{"@type":"BreadcrumbList","@id":"https:\/\/www.rtb.cgiar.org\/rtb-bananaresearchpriorities\/fr\/propos-de-nous\/#breadcrumb","itemListElement":[{"@type":"ListItem","position":1,"name":"Home","item":"http:\/\/www.rtb.cgiar.org\/rtb-bananaresearchpriorities\/fr\/"},{"@type":"ListItem","position":2,"name":"\u00c0 propos de nous"}]},{"@type":"WebSite","@id":"http:\/\/www.rtb.cgiar.org\/rtb-bananaresearchpriorities\/#website","url":"http:\/\/www.rtb.cgiar.org\/rtb-bananaresearchpriorities\/","name":"RTB Banana Research Priorities","description":"Just another RTB-CGIAR Sites site","potentialAction":[{"@type":"SearchAction","target":{"@type":"EntryPoint","urlTemplate":"http:\/\/www.rtb.cgiar.org\/rtb-bananaresearchpriorities\/?s={search_term_string}"},"query-input":{"@type":"PropertyValueSpecification","valueRequired":true,"valueName":"search_term_string"}}],"inLanguage":"fr-FR"}]}},"_links":{"self":[{"href":"https:\/\/www.rtb.cgiar.org\/rtb-bananaresearchpriorities\/fr\/wp-json\/wp\/v2\/pages\/143","targetHints":{"allow":["GET"]}}],"collection":[{"href":"https:\/\/www.rtb.cgiar.org\/rtb-bananaresearchpriorities\/fr\/wp-json\/wp\/v2\/pages"}],"about":[{"href":"https:\/\/www.rtb.cgiar.org\/rtb-bananaresearchpriorities\/fr\/wp-json\/wp\/v2\/types\/page"}],"author":[{"embeddable":true,"href":"https:\/\/www.rtb.cgiar.org\/rtb-bananaresearchpriorities\/fr\/wp-json\/wp\/v2\/users\/12"}],"replies":[{"embeddable":true,"href":"https:\/\/www.rtb.cgiar.org\/rtb-bananaresearchpriorities\/fr\/wp-json\/wp\/v2\/comments?post=143"}],"version-history":[{"count":0,"href":"https:\/\/www.rtb.cgiar.org\/rtb-bananaresearchpriorities\/fr\/wp-json\/wp\/v2\/pages\/143\/revisions"}],"wp:featuredmedia":[{"embeddable":true,"href":"https:\/\/www.rtb.cgiar.org\/rtb-bananaresearchpriorities\/fr\/wp-json\/wp\/v2\/media\/5"}],"wp:attachment":[{"href":"https:\/\/www.rtb.cgiar.org\/rtb-bananaresearchpriorities\/fr\/wp-json\/wp\/v2\/media?parent=143"}],"curies":[{"name":"wp","href":"https:\/\/api.w.org\/{rel}","templated":true}]}}