{"id":301,"date":"2019-02-13T21:21:44","date_gmt":"2019-02-13T21:21:44","guid":{"rendered":"http:\/\/www.rtb.cgiar.org\/rtb-bananaresearchpriorities\/herramienta-de-capacitacion\/3-metodologia-de-evaluacion\/3-2-poverty-effects-model\/"},"modified":"2019-02-13T21:23:21","modified_gmt":"2019-02-13T21:23:21","slug":"3-2-poverty-effects-model","status":"publish","type":"page","link":"https:\/\/www.rtb.cgiar.org\/rtb-bananaresearchpriorities\/es\/herramienta-de-capacitacion\/3-metodologia-de-evaluacion\/3-2-poverty-effects-model\/","title":{"rendered":"3.2. Modelo de efectos en la pobreza"},"content":{"rendered":"<section class=\"l-section wpb_row height_medium\"><div class=\"l-section-h i-cf\"><div class=\"g-cols offset_medium\"><div class=\"vc_col-sm-12 wpb_column vc_column_container\"><div class=\"vc_column-inner\"><div class=\"wpb_text_column \"><div class=\"wpb_wrapper\">\n<div class=\"csc-textpic-text\">\n<blockquote><p><b>\u00bfPARA QU\u00c9 UN MODELO DE EFECTOS EN LA POBREZA?<\/b><\/p><\/blockquote>\n<p>Un componente esencial de este ejercicio de evaluaci\u00f3n de prioridades es calcular cu\u00e1ntas personas se pueden realmente sacar de la pobreza mediante la adopci\u00f3n de nuevas tecnolog\u00edas, por ejemplo de variedades de banano o pl\u00e1tano de mayor rendimiento, generadas por inversi\u00f3n en investigaci\u00f3n. Al considerar los efectos en la pobreza como un indicador adicional se complementan los indicadores econ\u00f3micos tradicionales, como son el valor presente neto y la tasa interna de retorno. Esto puede dar como resultado una jerarquizaci\u00f3n diferente de las opciones de investigaci\u00f3n y ayuda a dirigir mejor los fondos a \u00e1reas donde surjan los mayores beneficios entre los grupos meta de la investigaci\u00f3n del Programa RTB, es decir, los agricultores de escasos recursos cuyos ingresos y bienestar dependen de estos cultivos.<\/p>\n<\/div>\n<div class=\"csc-textpic-imagewrap\" data-csc-images=\"1\" data-csc-cols=\"2\">\n<div class=\"csc-textpic-center-outer\">\n<div class=\"csc-textpic-center-inner\"><\/div>\n<\/div>\n<\/div>\n<\/div> <\/div> <div class=\"w-image\"><div class=\"us-frame\"><img loading=\"lazy\" decoding=\"async\" width=\"600\" height=\"342\" src=\"https:\/\/www.rtb.cgiar.org\/rtb-bananaresearchpriorities\/wp-content\/uploads\/sites\/9\/2019\/02\/c1.png\" class=\"attachment-large size-large\" alt=\"\" srcset=\"https:\/\/www.rtb.cgiar.org\/rtb-bananaresearchpriorities\/wp-content\/uploads\/sites\/9\/2019\/02\/c1.png 600w, https:\/\/www.rtb.cgiar.org\/rtb-bananaresearchpriorities\/wp-content\/uploads\/sites\/9\/2019\/02\/c1-300x171.png 300w\" sizes=\"auto, (max-width: 600px) 100vw, 600px\" \/><\/div><\/div><\/div><\/div><\/div><\/div><\/section><section class=\"l-section wpb_row height_medium\"><div class=\"l-section-h i-cf\"><div class=\"g-cols offset_medium\"><div class=\"vc_col-sm-12 wpb_column vc_column_container\"><div class=\"vc_column-inner\"><div class=\"wpb_text_column \"><div class=\"wpb_wrapper\">\n<blockquote><p><b>\u00bfC\u00d3MO FUNCIONA?<\/b><\/p><\/blockquote>\n<p>La metodolog\u00eda para predecir la disminuci\u00f3n de la pobreza est\u00e1 basada en el crecimiento estimado en el sector agr\u00edcola de determinado pa\u00eds. Con este objetivo, se interpretan como crecimiento agr\u00edcola los beneficios estimados generados por el modelo de super\u00e1vit.<\/p>\n<p>Se necesitan los siguientes ingresos para construir el modelo de pobreza:<\/p>\n<ul>\n<li>Cambios en el super\u00e1vit econ\u00f3mico (super\u00e1vit del productor y del consumidor) resultantes de la investigaci\u00f3n en mus\u00e1ceas<\/li>\n<li>Valor relativo de la producci\u00f3n agr\u00edcola total, medida como un porcentaje del producto interno bruto (PIB)<\/li>\n<li>N\u00famero total de personas de escasos recursos, es decir la poblaci\u00f3n del pa\u00eds que vive con menos de US]\n.25 diarios<\/li>\n<li>Elasticidad de la reducci\u00f3n de pobreza, espec\u00edfica a cada regi\u00f3n, en relaci\u00f3n con el crecimiento agr\u00edcola, el cual es el cambio porcentual en la incidencia de la pobreza ocasionada por un crecimiento del 1% en el sector agr\u00edcola<\/li>\n<\/ul>\n<p>Si dividimos el cambio en el super\u00e1vit econ\u00f3mico debido a la investigaci\u00f3n en mus\u00e1ceas por el PIB agr\u00edcola y multiplicamos el resultado por 100%, obtenemos las ganancias anuales de la investigaci\u00f3n como un porcentaje del PIB agr\u00edcola. Al multiplicar este valor por la elasticidad de la pobreza espec\u00edfica a cada regi\u00f3n, obtenemos la reducci\u00f3n anual de la pobreza como un porcentaje de la poblaci\u00f3n de escasos recursos. Si adicionalmente multiplicamos esta cifra por la cantidad total de personas pobres \u2013 calculada del total de la poblaci\u00f3n nacional y el nivel de pobreza espec\u00edfico a cada pa\u00eds \u2013 llegamos a la cantidad de personas de escasos recursos que lograron salir de la pobreza cada a\u00f1o como resultado de la inversi\u00f3n en investigaci\u00f3n. La elasticidad espec\u00edfica a cada regi\u00f3n es mayor para \u00c1frica subsahariana que para Asia, y menor para Am\u00e9rica Latina y el Caribe. Por tanto, las opciones de investigaci\u00f3n con una mayor participaci\u00f3n de adopci\u00f3n esperada en \u00c1frica subsahariana (por ejemplo el fitomejoramiento de variedades resistentes del banano de altura de \u00c1frica oriental) pueden tener un rango mayor usando este indicador de rendimiento que aquellos con mayor probabilidad de adopci\u00f3n en Am\u00e9rica Latina y el Caribe (por ejemplo, el fitomejoramiento de variedades de pl\u00e1tano resistentes).<\/div> <\/div> <div class=\"w-image\"><div class=\"us-frame\"><img loading=\"lazy\" decoding=\"async\" width=\"766\" height=\"600\" src=\"https:\/\/www.rtb.cgiar.org\/rtb-bananaresearchpriorities\/wp-content\/uploads\/sites\/9\/2019\/02\/c2.png\" class=\"attachment-large size-large\" alt=\"\" srcset=\"https:\/\/www.rtb.cgiar.org\/rtb-bananaresearchpriorities\/wp-content\/uploads\/sites\/9\/2019\/02\/c2.png 766w, https:\/\/www.rtb.cgiar.org\/rtb-bananaresearchpriorities\/wp-content\/uploads\/sites\/9\/2019\/02\/c2-300x235.png 300w, https:\/\/www.rtb.cgiar.org\/rtb-bananaresearchpriorities\/wp-content\/uploads\/sites\/9\/2019\/02\/c2-600x470.png 600w\" sizes=\"auto, (max-width: 766px) 100vw, 766px\" \/><\/div><\/div><\/div><\/div><\/div><\/div><\/section>\n","protected":false},"excerpt":{"rendered":"\u00bfPARA QU\u00c9 UN MODELO DE EFECTOS EN LA POBREZA? Un componente esencial de este ejercicio de evaluaci\u00f3n de prioridades es calcular cu\u00e1ntas personas se pueden realmente sacar de la pobreza mediante la adopci\u00f3n de nuevas tecnolog\u00edas, por ejemplo de variedades de banano o pl\u00e1tano de mayor rendimiento, generadas por inversi\u00f3n en investigaci\u00f3n. Al considerar los...","protected":false},"author":12,"featured_media":0,"parent":176,"menu_order":0,"comment_status":"closed","ping_status":"closed","template":"","meta":{"footnotes":""},"class_list":["post-301","page","type-page","status-publish","hentry"],"yoast_head":"<!-- This site is optimized with the Yoast SEO plugin v27.5 - https:\/\/yoast.com\/product\/yoast-seo-wordpress\/ -->\n<title>3.2. Modelo de efectos en la pobreza - RTB Banana Research Priorities<\/title>\n<meta name=\"robots\" content=\"index, follow, max-snippet:-1, max-image-preview:large, max-video-preview:-1\" \/>\n<link rel=\"canonical\" href=\"https:\/\/www.rtb.cgiar.org\/rtb-bananaresearchpriorities\/es\/herramienta-de-capacitacion\/3-metodologia-de-evaluacion\/3-2-poverty-effects-model\/\" \/>\n<meta property=\"og:locale\" content=\"es_ES\" \/>\n<meta property=\"og:type\" content=\"article\" \/>\n<meta property=\"og:title\" content=\"3.2. Modelo de efectos en la pobreza - RTB Banana Research Priorities\" \/>\n<meta property=\"og:url\" content=\"https:\/\/www.rtb.cgiar.org\/rtb-bananaresearchpriorities\/es\/herramienta-de-capacitacion\/3-metodologia-de-evaluacion\/3-2-poverty-effects-model\/\" \/>\n<meta property=\"og:site_name\" content=\"RTB Banana Research Priorities\" \/>\n<meta property=\"article:modified_time\" content=\"2019-02-13T21:23:21+00:00\" \/>\n<meta name=\"twitter:card\" content=\"summary_large_image\" \/>\n<meta name=\"twitter:label1\" content=\"Tiempo de lectura\" \/>\n\t<meta name=\"twitter:data1\" content=\"3 minutos\" \/>\n<script type=\"application\/ld+json\" class=\"yoast-schema-graph\">{\"@context\":\"https:\\\/\\\/schema.org\",\"@graph\":[{\"@type\":\"WebPage\",\"@id\":\"https:\\\/\\\/www.rtb.cgiar.org\\\/rtb-bananaresearchpriorities\\\/es\\\/herramienta-de-capacitacion\\\/3-metodologia-de-evaluacion\\\/3-2-poverty-effects-model\\\/\",\"url\":\"https:\\\/\\\/www.rtb.cgiar.org\\\/rtb-bananaresearchpriorities\\\/es\\\/herramienta-de-capacitacion\\\/3-metodologia-de-evaluacion\\\/3-2-poverty-effects-model\\\/\",\"name\":\"3.2. Modelo de efectos en la pobreza - RTB Banana Research Priorities\",\"isPartOf\":{\"@id\":\"http:\\\/\\\/www.rtb.cgiar.org\\\/rtb-bananaresearchpriorities\\\/#website\"},\"datePublished\":\"2019-02-13T21:21:44+00:00\",\"dateModified\":\"2019-02-13T21:23:21+00:00\",\"breadcrumb\":{\"@id\":\"https:\\\/\\\/www.rtb.cgiar.org\\\/rtb-bananaresearchpriorities\\\/es\\\/herramienta-de-capacitacion\\\/3-metodologia-de-evaluacion\\\/3-2-poverty-effects-model\\\/#breadcrumb\"},\"inLanguage\":\"es\",\"potentialAction\":[{\"@type\":\"ReadAction\",\"target\":[\"https:\\\/\\\/www.rtb.cgiar.org\\\/rtb-bananaresearchpriorities\\\/es\\\/herramienta-de-capacitacion\\\/3-metodologia-de-evaluacion\\\/3-2-poverty-effects-model\\\/\"]}]},{\"@type\":\"BreadcrumbList\",\"@id\":\"https:\\\/\\\/www.rtb.cgiar.org\\\/rtb-bananaresearchpriorities\\\/es\\\/herramienta-de-capacitacion\\\/3-metodologia-de-evaluacion\\\/3-2-poverty-effects-model\\\/#breadcrumb\",\"itemListElement\":[{\"@type\":\"ListItem\",\"position\":1,\"name\":\"Home\",\"item\":\"https:\\\/\\\/www.rtb.cgiar.org\\\/rtb-bananaresearchpriorities\\\/es\\\/\"},{\"@type\":\"ListItem\",\"position\":2,\"name\":\"Herramienta de capacitaci\u00f3n\",\"item\":\"https:\\\/\\\/www.rtb.cgiar.org\\\/rtb-bananaresearchpriorities\\\/es\\\/herramienta-de-capacitacion\\\/\"},{\"@type\":\"ListItem\",\"position\":3,\"name\":\"3. Metodolog\u00eda de evaluaci\u00f3n\",\"item\":\"https:\\\/\\\/www.rtb.cgiar.org\\\/rtb-bananaresearchpriorities\\\/es\\\/herramienta-de-capacitacion\\\/3-metodologia-de-evaluacion\\\/\"},{\"@type\":\"ListItem\",\"position\":4,\"name\":\"3.2. Modelo de efectos en la pobreza\"}]},{\"@type\":\"WebSite\",\"@id\":\"http:\\\/\\\/www.rtb.cgiar.org\\\/rtb-bananaresearchpriorities\\\/#website\",\"url\":\"http:\\\/\\\/www.rtb.cgiar.org\\\/rtb-bananaresearchpriorities\\\/\",\"name\":\"RTB Banana Research Priorities\",\"description\":\"Just another RTB-CGIAR Sites site\",\"potentialAction\":[{\"@type\":\"SearchAction\",\"target\":{\"@type\":\"EntryPoint\",\"urlTemplate\":\"http:\\\/\\\/www.rtb.cgiar.org\\\/rtb-bananaresearchpriorities\\\/?s={search_term_string}\"},\"query-input\":{\"@type\":\"PropertyValueSpecification\",\"valueRequired\":true,\"valueName\":\"search_term_string\"}}],\"inLanguage\":\"es\"}]}<\/script>\n<!-- \/ Yoast SEO plugin. -->","yoast_head_json":{"title":"3.2. Modelo de efectos en la pobreza - RTB Banana Research Priorities","robots":{"index":"index","follow":"follow","max-snippet":"max-snippet:-1","max-image-preview":"max-image-preview:large","max-video-preview":"max-video-preview:-1"},"canonical":"https:\/\/www.rtb.cgiar.org\/rtb-bananaresearchpriorities\/es\/herramienta-de-capacitacion\/3-metodologia-de-evaluacion\/3-2-poverty-effects-model\/","og_locale":"es_ES","og_type":"article","og_title":"3.2. Modelo de efectos en la pobreza - RTB Banana Research Priorities","og_url":"https:\/\/www.rtb.cgiar.org\/rtb-bananaresearchpriorities\/es\/herramienta-de-capacitacion\/3-metodologia-de-evaluacion\/3-2-poverty-effects-model\/","og_site_name":"RTB Banana Research Priorities","article_modified_time":"2019-02-13T21:23:21+00:00","twitter_card":"summary_large_image","twitter_misc":{"Tiempo de lectura":"3 minutos"},"schema":{"@context":"https:\/\/schema.org","@graph":[{"@type":"WebPage","@id":"https:\/\/www.rtb.cgiar.org\/rtb-bananaresearchpriorities\/es\/herramienta-de-capacitacion\/3-metodologia-de-evaluacion\/3-2-poverty-effects-model\/","url":"https:\/\/www.rtb.cgiar.org\/rtb-bananaresearchpriorities\/es\/herramienta-de-capacitacion\/3-metodologia-de-evaluacion\/3-2-poverty-effects-model\/","name":"3.2. Modelo de efectos en la pobreza - RTB Banana Research Priorities","isPartOf":{"@id":"http:\/\/www.rtb.cgiar.org\/rtb-bananaresearchpriorities\/#website"},"datePublished":"2019-02-13T21:21:44+00:00","dateModified":"2019-02-13T21:23:21+00:00","breadcrumb":{"@id":"https:\/\/www.rtb.cgiar.org\/rtb-bananaresearchpriorities\/es\/herramienta-de-capacitacion\/3-metodologia-de-evaluacion\/3-2-poverty-effects-model\/#breadcrumb"},"inLanguage":"es","potentialAction":[{"@type":"ReadAction","target":["https:\/\/www.rtb.cgiar.org\/rtb-bananaresearchpriorities\/es\/herramienta-de-capacitacion\/3-metodologia-de-evaluacion\/3-2-poverty-effects-model\/"]}]},{"@type":"BreadcrumbList","@id":"https:\/\/www.rtb.cgiar.org\/rtb-bananaresearchpriorities\/es\/herramienta-de-capacitacion\/3-metodologia-de-evaluacion\/3-2-poverty-effects-model\/#breadcrumb","itemListElement":[{"@type":"ListItem","position":1,"name":"Home","item":"https:\/\/www.rtb.cgiar.org\/rtb-bananaresearchpriorities\/es\/"},{"@type":"ListItem","position":2,"name":"Herramienta de capacitaci\u00f3n","item":"https:\/\/www.rtb.cgiar.org\/rtb-bananaresearchpriorities\/es\/herramienta-de-capacitacion\/"},{"@type":"ListItem","position":3,"name":"3. Metodolog\u00eda de evaluaci\u00f3n","item":"https:\/\/www.rtb.cgiar.org\/rtb-bananaresearchpriorities\/es\/herramienta-de-capacitacion\/3-metodologia-de-evaluacion\/"},{"@type":"ListItem","position":4,"name":"3.2. Modelo de efectos en la pobreza"}]},{"@type":"WebSite","@id":"http:\/\/www.rtb.cgiar.org\/rtb-bananaresearchpriorities\/#website","url":"http:\/\/www.rtb.cgiar.org\/rtb-bananaresearchpriorities\/","name":"RTB Banana Research Priorities","description":"Just another RTB-CGIAR Sites site","potentialAction":[{"@type":"SearchAction","target":{"@type":"EntryPoint","urlTemplate":"http:\/\/www.rtb.cgiar.org\/rtb-bananaresearchpriorities\/?s={search_term_string}"},"query-input":{"@type":"PropertyValueSpecification","valueRequired":true,"valueName":"search_term_string"}}],"inLanguage":"es"}]}},"_links":{"self":[{"href":"https:\/\/www.rtb.cgiar.org\/rtb-bananaresearchpriorities\/es\/wp-json\/wp\/v2\/pages\/301","targetHints":{"allow":["GET"]}}],"collection":[{"href":"https:\/\/www.rtb.cgiar.org\/rtb-bananaresearchpriorities\/es\/wp-json\/wp\/v2\/pages"}],"about":[{"href":"https:\/\/www.rtb.cgiar.org\/rtb-bananaresearchpriorities\/es\/wp-json\/wp\/v2\/types\/page"}],"author":[{"embeddable":true,"href":"https:\/\/www.rtb.cgiar.org\/rtb-bananaresearchpriorities\/es\/wp-json\/wp\/v2\/users\/12"}],"replies":[{"embeddable":true,"href":"https:\/\/www.rtb.cgiar.org\/rtb-bananaresearchpriorities\/es\/wp-json\/wp\/v2\/comments?post=301"}],"version-history":[{"count":0,"href":"https:\/\/www.rtb.cgiar.org\/rtb-bananaresearchpriorities\/es\/wp-json\/wp\/v2\/pages\/301\/revisions"}],"up":[{"embeddable":true,"href":"https:\/\/www.rtb.cgiar.org\/rtb-bananaresearchpriorities\/es\/wp-json\/wp\/v2\/pages\/176"}],"wp:attachment":[{"href":"https:\/\/www.rtb.cgiar.org\/rtb-bananaresearchpriorities\/es\/wp-json\/wp\/v2\/media?parent=301"}],"curies":[{"name":"wp","href":"https:\/\/api.w.org\/{rel}","templated":true}]}}