{"id":148,"date":"2018-02-15T14:44:20","date_gmt":"2018-02-15T14:44:20","guid":{"rendered":"http:\/\/www.rtb.cgiar.org\/rtb-bananaresearchpriorities\/?page_id=148"},"modified":"2019-02-15T15:26:00","modified_gmt":"2019-02-15T15:26:00","slug":"outil-de-renforcement-des-capacites","status":"publish","type":"page","link":"http:\/\/www.rtb.cgiar.org\/rtb-bananaresearchpriorities\/fr\/outil-de-renforcement-des-capacites\/","title":{"rendered":"Outil de renforcement des capacit\u00e9s"},"content":{"rendered":"<section class=\"l-section wpb_row height_medium\"><div class=\"l-section-h i-cf\"><div class=\"g-cols offset_medium\"><div class=\"vc_col-sm-12 wpb_column vc_column_container\"><div class=\"vc_column-inner\"><div class=\"wpb_text_column \"><div class=\"wpb_wrapper\"><b>Voulez-vous en savoir davantage sur les \u00e9tapes de l&rsquo;\u00e9valuation des priorit\u00e9s de la recherche sur les bananiers?<br \/>\n<\/b><\/p>\n<p>Nous avons d\u00e9velopp\u00e9 un outil compl\u00e8t de renforcement des capacit\u00e9s qui d\u00e9taille les diff\u00e9rentes phases que nous avons pris dans notre \u00e9valuation de l&rsquo;impact. Cliquez sur l&rsquo;une des six phases ci-dessous de l&rsquo;\u00e9valuation d&rsquo;impact pour obtenir plus de d\u00e9tails.<\/div> <\/div> <\/div><\/div><\/div><\/div><\/section><section class=\"l-section wpb_row height_medium\" style=\"margin-top: -50px !important;\"><div class=\"l-section-h i-cf\"><div class=\"g-cols offset_medium\"><div class=\"vc_col-sm-3 wpb_column vc_column_container\"><div class=\"vc_column-inner\"><div class=\"w-iconbox iconpos_top style_default color_primary no_text icontype_img\"><a class=\"w-iconbox-link\" href=\"http:\/\/www.rtb.cgiar.org\/rtb-bananaresearchpriorities\/fr\/outil-de-renforcement-des-capacites\/1-identifier-les-principales-contraintes-et-opportunites\/\"><div class=\"w-iconbox-icon\" style=\"font-size:150px;\"><img loading=\"lazy\" decoding=\"async\" src=\"http:\/\/www.rtb.cgiar.org\/rtb-bananaresearchpriorities\/wp-content\/uploads\/sites\/9\/2018\/01\/constraints.jpg\" width=\"200\" height=\"200\" alt=\"IDENTIFICATION DES CONTRAINTES\"><\/div><h6 class=\"w-iconbox-title\">IDENTIFICATION DES CONTRAINTES<\/h6><\/a><\/div><\/div><\/div><div class=\"vc_col-sm-3 wpb_column vc_column_container\"><div class=\"vc_column-inner\"><div class=\"w-iconbox iconpos_top style_default color_primary no_text icontype_img\"><a class=\"w-iconbox-link\" href=\"http:\/\/www.rtb.cgiar.org\/rtb-bananaresearchpriorities\/fr\/outil-de-renforcement-des-capacites\/2-formulation-doptions-de-recherche\/\"><div class=\"w-iconbox-icon\" style=\"font-size:150px;\"><img loading=\"lazy\" decoding=\"async\" src=\"http:\/\/www.rtb.cgiar.org\/rtb-bananaresearchpriorities\/wp-content\/uploads\/sites\/9\/2018\/01\/research-options.jpg\" width=\"200\" height=\"200\" alt=\"FORMULATION D'OPTIONS DE LA RECHERCHE \"><\/div><h6 class=\"w-iconbox-title\">FORMULATION D'OPTIONS DE LA RECHERCHE <\/h6><\/a><\/div><\/div><\/div><div class=\"vc_col-sm-3 wpb_column vc_column_container\"><div class=\"vc_column-inner\"><div class=\"w-iconbox iconpos_top style_default color_primary no_text icontype_img\"><a class=\"w-iconbox-link\" href=\"http:\/\/www.rtb.cgiar.org\/rtb-bananaresearchpriorities\/fr\/outil-de-renforcement-des-capacites\/3-methodologie-pour-levaluation\/\"><div class=\"w-iconbox-icon\" style=\"font-size:150px;\"><img loading=\"lazy\" decoding=\"async\" src=\"http:\/\/www.rtb.cgiar.org\/rtb-bananaresearchpriorities\/wp-content\/uploads\/sites\/9\/2018\/01\/methodology.jpg\" width=\"200\" height=\"200\" alt=\"M\u00c9THODOLOGIE D'\u00c9VALUATION\"><\/div><h6 class=\"w-iconbox-title\">M\u00c9THODOLOGIE D'\u00c9VALUATION<\/h6><\/a><\/div><\/div><\/div><div class=\"vc_col-sm-3 wpb_column vc_column_container\"><div class=\"vc_column-inner\"><div class=\"w-iconbox iconpos_top style_default color_primary no_text icontype_img\"><a class=\"w-iconbox-link\" href=\"http:\/\/www.rtb.cgiar.org\/rtb-bananaresearchpriorities\/fr\/outil-de-renforcement-des-capacites\/4-processus-de-determination-des-parametres-et-des-sources-dinformation\/\"><div class=\"w-iconbox-icon\" style=\"font-size:150px;\"><img loading=\"lazy\" decoding=\"async\" src=\"http:\/\/www.rtb.cgiar.org\/rtb-bananaresearchpriorities\/wp-content\/uploads\/sites\/9\/2018\/01\/parameter-elicitation.jpg\" width=\"200\" height=\"200\" alt=\"D\u00c9TERMINATION DES PARAM\u00c8TRES ET SOURCES D'INFORMATION\"><\/div><h6 class=\"w-iconbox-title\">D\u00c9TERMINATION DES PARAM\u00c8TRES ET SOURCES D'INFORMATION<\/h6><\/a><\/div><\/div><\/div><\/div><\/div><\/section><section class=\"l-section wpb_row height_medium\" style=\"margin-top: -50px !important;\"><div class=\"l-section-h i-cf\"><div class=\"g-cols offset_medium\"><div class=\"vc_col-sm-3 wpb_column vc_column_container\"><div class=\"vc_column-inner\"><div class=\"w-iconbox iconpos_top style_default color_primary no_text icontype_img\"><a class=\"w-iconbox-link\" href=\"http:\/\/www.rtb.cgiar.org\/rtb-bananaresearchpriorities\/fr\/outil-de-renforcement-des-capacites\/5-estimations-de-parametres-et-hypotheses-sous-jacentes\/\"><div class=\"w-iconbox-icon\" style=\"font-size:150px;\"><img loading=\"lazy\" decoding=\"async\" src=\"http:\/\/www.rtb.cgiar.org\/rtb-bananaresearchpriorities\/wp-content\/uploads\/sites\/9\/2018\/01\/parameters-estimates.jpg\" width=\"200\" height=\"200\" alt=\"DONN\u00c9ES ET PARAM\u00c8TRES UTILIS\u00c9S\"><\/div><h6 class=\"w-iconbox-title\">DONN\u00c9ES ET PARAM\u00c8TRES UTILIS\u00c9S<\/h6><\/a><\/div><\/div><\/div><div class=\"vc_col-sm-3 wpb_column vc_column_container\"><div class=\"vc_column-inner\"><div class=\"w-iconbox iconpos_top style_default color_primary no_text icontype_img\"><a class=\"w-iconbox-link\" href=\"http:\/\/www.rtb.cgiar.org\/rtb-bananaresearchpriorities\/fr\/outil-de-renforcement-des-capacites\/6-resultats\/\"><div class=\"w-iconbox-icon\" style=\"font-size:150px;\"><img loading=\"lazy\" decoding=\"async\" src=\"http:\/\/www.rtb.cgiar.org\/rtb-bananaresearchpriorities\/wp-content\/uploads\/sites\/9\/2018\/01\/results.jpg\" width=\"200\" height=\"200\" alt=\"R\u00c9SULTATS\"><\/div><h6 class=\"w-iconbox-title\">R\u00c9SULTATS<\/h6><\/a><\/div><\/div><\/div><div class=\"vc_col-sm-3 wpb_column vc_column_container\"><div class=\"vc_column-inner\"><div class=\"w-iconbox iconpos_top style_default color_primary no_text icontype_img\"><a class=\"w-iconbox-link\" href=\"http:\/\/www.rtb.cgiar.org\/rtb-bananaresearchpriorities\/fr\/outil-de-renforcement-des-capacites\/7-limites-et-lecons-tirees\/\"><div class=\"w-iconbox-icon\" style=\"font-size:150px;\"><img loading=\"lazy\" decoding=\"async\" src=\"http:\/\/www.rtb.cgiar.org\/rtb-bananaresearchpriorities\/wp-content\/uploads\/sites\/9\/2018\/01\/limitation-lessons.jpg\" width=\"200\" height=\"200\" alt=\"LIMITES ET LE\u00c7ONS TIR\u00c9ES\"><\/div><h6 class=\"w-iconbox-title\">LIMITES ET LE\u00c7ONS TIR\u00c9ES<\/h6><\/a><\/div><\/div><\/div><div class=\"vc_col-sm-3 wpb_column vc_column_container\"><div class=\"vc_column-inner\"><div class=\"w-iconbox iconpos_top style_default color_primary no_text icontype_img\"><a class=\"w-iconbox-link\" href=\"http:\/\/www.rtb.cgiar.org\/rtb-bananaresearchpriorities\/fr\/outil-de-renforcement-des-capacites\/8-enquete\/\"><div class=\"w-iconbox-icon\" style=\"font-size:150px;\"><img loading=\"lazy\" decoding=\"async\" src=\"http:\/\/www.rtb.cgiar.org\/rtb-bananaresearchpriorities\/wp-content\/uploads\/sites\/9\/2018\/01\/survey.jpg\" width=\"200\" height=\"200\" alt=\"ENQU\u00caTE\"><\/div><h6 class=\"w-iconbox-title\">ENQU\u00caTE<\/h6><\/a><\/div><\/div><\/div><\/div><\/div><\/section>\n","protected":false},"excerpt":{"rendered":"Voulez-vous en savoir davantage sur les \u00e9tapes de l'\u00e9valuation des priorit\u00e9s de la recherche sur les bananiers? Nous avons d\u00e9velopp\u00e9 un outil compl\u00e8t de renforcement des capacit\u00e9s qui d\u00e9taille les diff\u00e9rentes phases que nous avons pris dans notre \u00e9valuation de l'impact. Cliquez sur l'une des six phases ci-dessous de l'\u00e9valuation d'impact pour obtenir plus de...","protected":false},"author":12,"featured_media":0,"parent":0,"menu_order":0,"comment_status":"closed","ping_status":"closed","template":"","meta":{"footnotes":""},"class_list":["post-148","page","type-page","status-publish","hentry"],"yoast_head":"<!-- This site is optimized with the Yoast SEO plugin v26.7 - https:\/\/yoast.com\/wordpress\/plugins\/seo\/ -->\n<title>Outil de renforcement des capacit\u00e9s - RTB Banana Research Priorities<\/title>\n<meta name=\"robots\" content=\"index, follow, max-snippet:-1, max-image-preview:large, max-video-preview:-1\" \/>\n<link rel=\"canonical\" href=\"http:\/\/www.rtb.cgiar.org\/rtb-bananaresearchpriorities\/fr\/outil-de-renforcement-des-capacites\/\" \/>\n<meta property=\"og:locale\" content=\"fr_FR\" \/>\n<meta property=\"og:type\" content=\"article\" \/>\n<meta property=\"og:title\" content=\"Outil de renforcement des capacit\u00e9s - RTB Banana Research Priorities\" \/>\n<meta property=\"og:url\" content=\"http:\/\/www.rtb.cgiar.org\/rtb-bananaresearchpriorities\/fr\/outil-de-renforcement-des-capacites\/\" \/>\n<meta property=\"og:site_name\" content=\"RTB Banana Research Priorities\" \/>\n<meta property=\"article:modified_time\" content=\"2019-02-15T15:26:00+00:00\" \/>\n<meta name=\"twitter:card\" content=\"summary_large_image\" \/>\n<meta name=\"twitter:label1\" content=\"Dur\u00e9e de lecture estim\u00e9e\" \/>\n\t<meta name=\"twitter:data1\" content=\"2 minutes\" \/>\n<script type=\"application\/ld+json\" class=\"yoast-schema-graph\">{\"@context\":\"https:\/\/schema.org\",\"@graph\":[{\"@type\":\"WebPage\",\"@id\":\"http:\/\/www.rtb.cgiar.org\/rtb-bananaresearchpriorities\/fr\/outil-de-renforcement-des-capacites\/\",\"url\":\"http:\/\/www.rtb.cgiar.org\/rtb-bananaresearchpriorities\/fr\/outil-de-renforcement-des-capacites\/\",\"name\":\"Outil de renforcement des capacit\u00e9s - RTB Banana Research Priorities\",\"isPartOf\":{\"@id\":\"https:\/\/www.rtb.cgiar.org\/rtb-bananaresearchpriorities\/#website\"},\"datePublished\":\"2018-02-15T14:44:20+00:00\",\"dateModified\":\"2019-02-15T15:26:00+00:00\",\"breadcrumb\":{\"@id\":\"http:\/\/www.rtb.cgiar.org\/rtb-bananaresearchpriorities\/fr\/outil-de-renforcement-des-capacites\/#breadcrumb\"},\"inLanguage\":\"fr-FR\",\"potentialAction\":[{\"@type\":\"ReadAction\",\"target\":[\"http:\/\/www.rtb.cgiar.org\/rtb-bananaresearchpriorities\/fr\/outil-de-renforcement-des-capacites\/\"]}]},{\"@type\":\"BreadcrumbList\",\"@id\":\"http:\/\/www.rtb.cgiar.org\/rtb-bananaresearchpriorities\/fr\/outil-de-renforcement-des-capacites\/#breadcrumb\",\"itemListElement\":[{\"@type\":\"ListItem\",\"position\":1,\"name\":\"Home\",\"item\":\"https:\/\/www.rtb.cgiar.org\/rtb-bananaresearchpriorities\/fr\/\"},{\"@type\":\"ListItem\",\"position\":2,\"name\":\"Outil de renforcement des capacit\u00e9s\"}]},{\"@type\":\"WebSite\",\"@id\":\"https:\/\/www.rtb.cgiar.org\/rtb-bananaresearchpriorities\/#website\",\"url\":\"https:\/\/www.rtb.cgiar.org\/rtb-bananaresearchpriorities\/\",\"name\":\"RTB Banana Research Priorities\",\"description\":\"Just another RTB-CGIAR Sites site\",\"potentialAction\":[{\"@type\":\"SearchAction\",\"target\":{\"@type\":\"EntryPoint\",\"urlTemplate\":\"https:\/\/www.rtb.cgiar.org\/rtb-bananaresearchpriorities\/?s={search_term_string}\"},\"query-input\":{\"@type\":\"PropertyValueSpecification\",\"valueRequired\":true,\"valueName\":\"search_term_string\"}}],\"inLanguage\":\"fr-FR\"}]}<\/script>\n<!-- \/ Yoast SEO plugin. -->","yoast_head_json":{"title":"Outil de renforcement des capacit\u00e9s - RTB Banana Research Priorities","robots":{"index":"index","follow":"follow","max-snippet":"max-snippet:-1","max-image-preview":"max-image-preview:large","max-video-preview":"max-video-preview:-1"},"canonical":"http:\/\/www.rtb.cgiar.org\/rtb-bananaresearchpriorities\/fr\/outil-de-renforcement-des-capacites\/","og_locale":"fr_FR","og_type":"article","og_title":"Outil de renforcement des capacit\u00e9s - RTB Banana Research Priorities","og_url":"http:\/\/www.rtb.cgiar.org\/rtb-bananaresearchpriorities\/fr\/outil-de-renforcement-des-capacites\/","og_site_name":"RTB Banana Research Priorities","article_modified_time":"2019-02-15T15:26:00+00:00","twitter_card":"summary_large_image","twitter_misc":{"Dur\u00e9e de lecture estim\u00e9e":"2 minutes"},"schema":{"@context":"https:\/\/schema.org","@graph":[{"@type":"WebPage","@id":"http:\/\/www.rtb.cgiar.org\/rtb-bananaresearchpriorities\/fr\/outil-de-renforcement-des-capacites\/","url":"http:\/\/www.rtb.cgiar.org\/rtb-bananaresearchpriorities\/fr\/outil-de-renforcement-des-capacites\/","name":"Outil de renforcement des capacit\u00e9s - RTB Banana Research Priorities","isPartOf":{"@id":"https:\/\/www.rtb.cgiar.org\/rtb-bananaresearchpriorities\/#website"},"datePublished":"2018-02-15T14:44:20+00:00","dateModified":"2019-02-15T15:26:00+00:00","breadcrumb":{"@id":"http:\/\/www.rtb.cgiar.org\/rtb-bananaresearchpriorities\/fr\/outil-de-renforcement-des-capacites\/#breadcrumb"},"inLanguage":"fr-FR","potentialAction":[{"@type":"ReadAction","target":["http:\/\/www.rtb.cgiar.org\/rtb-bananaresearchpriorities\/fr\/outil-de-renforcement-des-capacites\/"]}]},{"@type":"BreadcrumbList","@id":"http:\/\/www.rtb.cgiar.org\/rtb-bananaresearchpriorities\/fr\/outil-de-renforcement-des-capacites\/#breadcrumb","itemListElement":[{"@type":"ListItem","position":1,"name":"Home","item":"https:\/\/www.rtb.cgiar.org\/rtb-bananaresearchpriorities\/fr\/"},{"@type":"ListItem","position":2,"name":"Outil de renforcement des capacit\u00e9s"}]},{"@type":"WebSite","@id":"https:\/\/www.rtb.cgiar.org\/rtb-bananaresearchpriorities\/#website","url":"https:\/\/www.rtb.cgiar.org\/rtb-bananaresearchpriorities\/","name":"RTB Banana Research Priorities","description":"Just another RTB-CGIAR Sites site","potentialAction":[{"@type":"SearchAction","target":{"@type":"EntryPoint","urlTemplate":"https:\/\/www.rtb.cgiar.org\/rtb-bananaresearchpriorities\/?s={search_term_string}"},"query-input":{"@type":"PropertyValueSpecification","valueRequired":true,"valueName":"search_term_string"}}],"inLanguage":"fr-FR"}]}},"_links":{"self":[{"href":"http:\/\/www.rtb.cgiar.org\/rtb-bananaresearchpriorities\/fr\/wp-json\/wp\/v2\/pages\/148","targetHints":{"allow":["GET"]}}],"collection":[{"href":"http:\/\/www.rtb.cgiar.org\/rtb-bananaresearchpriorities\/fr\/wp-json\/wp\/v2\/pages"}],"about":[{"href":"http:\/\/www.rtb.cgiar.org\/rtb-bananaresearchpriorities\/fr\/wp-json\/wp\/v2\/types\/page"}],"author":[{"embeddable":true,"href":"http:\/\/www.rtb.cgiar.org\/rtb-bananaresearchpriorities\/fr\/wp-json\/wp\/v2\/users\/12"}],"replies":[{"embeddable":true,"href":"http:\/\/www.rtb.cgiar.org\/rtb-bananaresearchpriorities\/fr\/wp-json\/wp\/v2\/comments?post=148"}],"version-history":[{"count":0,"href":"http:\/\/www.rtb.cgiar.org\/rtb-bananaresearchpriorities\/fr\/wp-json\/wp\/v2\/pages\/148\/revisions"}],"wp:attachment":[{"href":"http:\/\/www.rtb.cgiar.org\/rtb-bananaresearchpriorities\/fr\/wp-json\/wp\/v2\/media?parent=148"}],"curies":[{"name":"wp","href":"https:\/\/api.w.org\/{rel}","templated":true}]}}